{"id":738,"date":"2022-08-07T11:23:23","date_gmt":"2022-08-07T14:23:23","guid":{"rendered":"https:\/\/ecoilumi.com.br\/?post_type=product&#038;p=738"},"modified":"2023-06-23T21:17:29","modified_gmt":"2023-06-24T00:17:29","slug":"abajur-de-chao-sbelt-cru-80-montado","status":"publish","type":"product","link":"https:\/\/ecoilumi.com.br\/?product=abajur-de-chao-sbelt-cru-80-montado","title":{"rendered":"Abajur de Ch\u00e3o Sbelt Cru 80 MONTADO"},"content":{"rendered":"","protected":false},"excerpt":{"rendered":"<p>As lumin\u00e1rias de ch\u00e3o s\u00e3o excelentes para garantir a luminosidade e o conforto que voc\u00ea merece. Elegantes e sofisticadas, tamb\u00e9m podem ser usadas para compor a decora\u00e7\u00e3o, criando a sensa\u00e7\u00e3o de aconchego no seu espa\u00e7o.<\/p>\n<p>Possui design moderno e \u00e9 ideal para todo tipo de ambiente.<br \/>\nPor ser fornecido em acabamento natural, permite que seja pintado, envernizado ou personalizado, possibilitando que voc\u00ea possa adequar perfeitamente \u00e0 sua decora\u00e7\u00e3o.<\/p>\n<p>CARACTER\u00cdSTICAS:<br \/>\nMaterial principal: MDF cru 3mm;<br \/>\nSoquete: E27;<br \/>\nTens\u00e3o: 110\/220V;<br \/>\nTipo De Acionamento: On\/Off;<br \/>\nAmbiente de Ilumina\u00e7\u00e3o: Interno;<br \/>\nQuantidade de l\u00e2mpadas: 1 (n\u00e3o inclusa);<br \/>\nDimens\u00f5es ap\u00f3s montado: Di\u00e2metro 26cm, altura 80cm.<\/p>\n<p>A ECO ilumi \u00e9 uma empresa especializada na cria\u00e7\u00e3o de decora\u00e7\u00e3o em MDF.<\/p>\n","protected":false},"featured_media":743,"comment_status":"open","ping_status":"closed","template":"","meta":{"neve_meta_sidebar":"","neve_meta_container":"","neve_meta_enable_content_width":"off","neve_meta_content_width":100,"neve_meta_title_alignment":"","neve_meta_author_avatar":"","neve_post_elements_order":"","neve_meta_disable_header":"","neve_meta_disable_footer":"","neve_meta_disable_title":"","_themeisle_gutenberg_block_has_review":false,"_ti_tpc_template_sync":false,"_ti_tpc_template_id":"","spay_email":""},"product_cat":[15],"product_tag":[],"class_list":{"0":"post-738","1":"product","2":"type-product","3":"status-publish","4":"has-post-thumbnail","6":"product_cat-luminarias-de-chao","8":"first","9":"instock","10":"shipping-taxable","11":"purchasable","12":"product-type-simple"},"yoast_head":"<!-- This site is optimized with the Yoast SEO plugin v19.0 - https:\/\/yoast.com\/wordpress\/plugins\/seo\/ -->\n<title>Abajur de Ch\u00e3o Sbelt Cru 80 MONTADO - ECOilumi<\/title>\n<meta name=\"robots\" content=\"index, follow, max-snippet:-1, max-image-preview:large, max-video-preview:-1\" \/>\n<link rel=\"canonical\" href=\"https:\/\/ecoilumi.com.br\/?product=abajur-de-chao-sbelt-cru-80-montado\" \/>\n<meta property=\"og:locale\" content=\"pt_BR\" \/>\n<meta property=\"og:type\" content=\"article\" \/>\n<meta property=\"og:title\" content=\"Abajur de Ch\u00e3o Sbelt Cru 80 MONTADO - ECOilumi\" \/>\n<meta property=\"og:description\" content=\"As lumin\u00e1rias de ch\u00e3o s\u00e3o excelentes para garantir a luminosidade e o conforto que voc\u00ea merece. Elegantes e sofisticadas, tamb\u00e9m podem ser usadas para compor a decora\u00e7\u00e3o, criando a sensa\u00e7\u00e3o de aconchego no seu espa\u00e7o.  Possui design moderno e \u00e9 ideal para todo tipo de ambiente. Por ser fornecido em acabamento natural, permite que seja pintado, envernizado ou personalizado, possibilitando que voc\u00ea possa adequar perfeitamente \u00e0 sua decora\u00e7\u00e3o.  CARACTER\u00cdSTICAS: Material principal: MDF cru 3mm; Soquete: E27; Tens\u00e3o: 110\/220V; Tipo De Acionamento: On\/Off; Ambiente de Ilumina\u00e7\u00e3o: Interno; Quantidade de l\u00e2mpadas: 1 (n\u00e3o inclusa); Dimens\u00f5es ap\u00f3s montado: Di\u00e2metro 26cm, altura 80cm.  A ECO ilumi \u00e9 uma empresa especializada na cria\u00e7\u00e3o de decora\u00e7\u00e3o em MDF.\" \/>\n<meta property=\"og:url\" content=\"https:\/\/ecoilumi.com.br\/?product=abajur-de-chao-sbelt-cru-80-montado\" \/>\n<meta property=\"og:site_name\" content=\"ECOilumi\" \/>\n<meta property=\"article:modified_time\" content=\"2023-06-24T00:17:29+00:00\" \/>\n<meta property=\"og:image\" content=\"http:\/\/ecoilumi.com.br\/wp-content\/uploads\/2022\/08\/Abajur-de-Chao-Sbelt-Cru-80-01-2.jpg\" \/>\n\t<meta property=\"og:image:width\" content=\"800\" \/>\n\t<meta property=\"og:image:height\" content=\"800\" \/>\n\t<meta property=\"og:image:type\" content=\"image\/jpeg\" \/>\n<meta name=\"twitter:card\" content=\"summary_large_image\" \/>\n<script type=\"application\/ld+json\" class=\"yoast-schema-graph\">{\"@context\":\"https:\/\/schema.org\",\"@graph\":[{\"@type\":\"Organization\",\"@id\":\"https:\/\/ecoilumi.com.br\/#organization\",\"name\":\"ECOilumi\",\"url\":\"https:\/\/ecoilumi.com.br\/\",\"sameAs\":[],\"logo\":{\"@type\":\"ImageObject\",\"inLanguage\":\"pt-BR\",\"@id\":\"https:\/\/ecoilumi.com.br\/#\/schema\/logo\/image\/\",\"url\":\"https:\/\/ecoilumi.com.br\/wp-content\/uploads\/2022\/01\/ECO-ilumi3.png\",\"contentUrl\":\"https:\/\/ecoilumi.com.br\/wp-content\/uploads\/2022\/01\/ECO-ilumi3.png\",\"width\":1000,\"height\":500,\"caption\":\"ECOilumi\"},\"image\":{\"@id\":\"https:\/\/ecoilumi.com.br\/#\/schema\/logo\/image\/\"}},{\"@type\":\"WebSite\",\"@id\":\"https:\/\/ecoilumi.com.br\/#website\",\"url\":\"https:\/\/ecoilumi.com.br\/\",\"name\":\"ECOilumi\",\"description\":\"Empresa do Grupo RELA\",\"publisher\":{\"@id\":\"https:\/\/ecoilumi.com.br\/#organization\"},\"potentialAction\":[{\"@type\":\"SearchAction\",\"target\":{\"@type\":\"EntryPoint\",\"urlTemplate\":\"https:\/\/ecoilumi.com.br\/?s={search_term_string}\"},\"query-input\":\"required name=search_term_string\"}],\"inLanguage\":\"pt-BR\"},{\"@type\":\"ImageObject\",\"inLanguage\":\"pt-BR\",\"@id\":\"https:\/\/ecoilumi.com.br\/?product=abajur-de-chao-sbelt-cru-80-montado#primaryimage\",\"url\":\"https:\/\/ecoilumi.com.br\/wp-content\/uploads\/2022\/08\/Abajur-de-Chao-Sbelt-Cru-80-01-2.jpg\",\"contentUrl\":\"https:\/\/ecoilumi.com.br\/wp-content\/uploads\/2022\/08\/Abajur-de-Chao-Sbelt-Cru-80-01-2.jpg\",\"width\":800,\"height\":800},{\"@type\":\"WebPage\",\"@id\":\"https:\/\/ecoilumi.com.br\/?product=abajur-de-chao-sbelt-cru-80-montado#webpage\",\"url\":\"https:\/\/ecoilumi.com.br\/?product=abajur-de-chao-sbelt-cru-80-montado\",\"name\":\"Abajur de Ch\u00e3o Sbelt Cru 80 MONTADO - ECOilumi\",\"isPartOf\":{\"@id\":\"https:\/\/ecoilumi.com.br\/#website\"},\"primaryImageOfPage\":{\"@id\":\"https:\/\/ecoilumi.com.br\/?product=abajur-de-chao-sbelt-cru-80-montado#primaryimage\"},\"datePublished\":\"2022-08-07T14:23:23+00:00\",\"dateModified\":\"2023-06-24T00:17:29+00:00\",\"breadcrumb\":{\"@id\":\"https:\/\/ecoilumi.com.br\/?product=abajur-de-chao-sbelt-cru-80-montado#breadcrumb\"},\"inLanguage\":\"pt-BR\",\"potentialAction\":[{\"@type\":\"ReadAction\",\"target\":[\"https:\/\/ecoilumi.com.br\/?product=abajur-de-chao-sbelt-cru-80-montado\"]}]},{\"@type\":\"BreadcrumbList\",\"@id\":\"https:\/\/ecoilumi.com.br\/?product=abajur-de-chao-sbelt-cru-80-montado#breadcrumb\",\"itemListElement\":[{\"@type\":\"ListItem\",\"position\":1,\"name\":\"In\u00edcio\",\"item\":\"https:\/\/ecoilumi.com.br\/\"},{\"@type\":\"ListItem\",\"position\":2,\"name\":\"Produtos\",\"item\":\"https:\/\/ecoilumi.com.br\/?page_id=53\"},{\"@type\":\"ListItem\",\"position\":3,\"name\":\"Abajur de Ch\u00e3o Sbelt Cru 80 MONTADO\"}]}]}<\/script>\n<!-- \/ Yoast SEO plugin. -->","yoast_head_json":{"title":"Abajur de Ch\u00e3o Sbelt Cru 80 MONTADO - ECOilumi","robots":{"index":"index","follow":"follow","max-snippet":"max-snippet:-1","max-image-preview":"max-image-preview:large","max-video-preview":"max-video-preview:-1"},"canonical":"https:\/\/ecoilumi.com.br\/?product=abajur-de-chao-sbelt-cru-80-montado","og_locale":"pt_BR","og_type":"article","og_title":"Abajur de Ch\u00e3o Sbelt Cru 80 MONTADO - ECOilumi","og_description":"As lumin\u00e1rias de ch\u00e3o s\u00e3o excelentes para garantir a luminosidade e o conforto que voc\u00ea merece. Elegantes e sofisticadas, tamb\u00e9m podem ser usadas para compor a decora\u00e7\u00e3o, criando a sensa\u00e7\u00e3o de aconchego no seu espa\u00e7o.  Possui design moderno e \u00e9 ideal para todo tipo de ambiente. Por ser fornecido em acabamento natural, permite que seja pintado, envernizado ou personalizado, possibilitando que voc\u00ea possa adequar perfeitamente \u00e0 sua decora\u00e7\u00e3o.  CARACTER\u00cdSTICAS: Material principal: MDF cru 3mm; Soquete: E27; Tens\u00e3o: 110\/220V; Tipo De Acionamento: On\/Off; Ambiente de Ilumina\u00e7\u00e3o: Interno; Quantidade de l\u00e2mpadas: 1 (n\u00e3o inclusa); Dimens\u00f5es ap\u00f3s montado: Di\u00e2metro 26cm, altura 80cm.  A ECO ilumi \u00e9 uma empresa especializada na cria\u00e7\u00e3o de decora\u00e7\u00e3o em MDF.","og_url":"https:\/\/ecoilumi.com.br\/?product=abajur-de-chao-sbelt-cru-80-montado","og_site_name":"ECOilumi","article_modified_time":"2023-06-24T00:17:29+00:00","og_image":[{"width":800,"height":800,"url":"http:\/\/ecoilumi.com.br\/wp-content\/uploads\/2022\/08\/Abajur-de-Chao-Sbelt-Cru-80-01-2.jpg","type":"image\/jpeg"}],"twitter_card":"summary_large_image","schema":{"@context":"https:\/\/schema.org","@graph":[{"@type":"Organization","@id":"https:\/\/ecoilumi.com.br\/#organization","name":"ECOilumi","url":"https:\/\/ecoilumi.com.br\/","sameAs":[],"logo":{"@type":"ImageObject","inLanguage":"pt-BR","@id":"https:\/\/ecoilumi.com.br\/#\/schema\/logo\/image\/","url":"https:\/\/ecoilumi.com.br\/wp-content\/uploads\/2022\/01\/ECO-ilumi3.png","contentUrl":"https:\/\/ecoilumi.com.br\/wp-content\/uploads\/2022\/01\/ECO-ilumi3.png","width":1000,"height":500,"caption":"ECOilumi"},"image":{"@id":"https:\/\/ecoilumi.com.br\/#\/schema\/logo\/image\/"}},{"@type":"WebSite","@id":"https:\/\/ecoilumi.com.br\/#website","url":"https:\/\/ecoilumi.com.br\/","name":"ECOilumi","description":"Empresa do Grupo RELA","publisher":{"@id":"https:\/\/ecoilumi.com.br\/#organization"},"potentialAction":[{"@type":"SearchAction","target":{"@type":"EntryPoint","urlTemplate":"https:\/\/ecoilumi.com.br\/?s={search_term_string}"},"query-input":"required name=search_term_string"}],"inLanguage":"pt-BR"},{"@type":"ImageObject","inLanguage":"pt-BR","@id":"https:\/\/ecoilumi.com.br\/?product=abajur-de-chao-sbelt-cru-80-montado#primaryimage","url":"https:\/\/ecoilumi.com.br\/wp-content\/uploads\/2022\/08\/Abajur-de-Chao-Sbelt-Cru-80-01-2.jpg","contentUrl":"https:\/\/ecoilumi.com.br\/wp-content\/uploads\/2022\/08\/Abajur-de-Chao-Sbelt-Cru-80-01-2.jpg","width":800,"height":800},{"@type":"WebPage","@id":"https:\/\/ecoilumi.com.br\/?product=abajur-de-chao-sbelt-cru-80-montado#webpage","url":"https:\/\/ecoilumi.com.br\/?product=abajur-de-chao-sbelt-cru-80-montado","name":"Abajur de Ch\u00e3o Sbelt Cru 80 MONTADO - ECOilumi","isPartOf":{"@id":"https:\/\/ecoilumi.com.br\/#website"},"primaryImageOfPage":{"@id":"https:\/\/ecoilumi.com.br\/?product=abajur-de-chao-sbelt-cru-80-montado#primaryimage"},"datePublished":"2022-08-07T14:23:23+00:00","dateModified":"2023-06-24T00:17:29+00:00","breadcrumb":{"@id":"https:\/\/ecoilumi.com.br\/?product=abajur-de-chao-sbelt-cru-80-montado#breadcrumb"},"inLanguage":"pt-BR","potentialAction":[{"@type":"ReadAction","target":["https:\/\/ecoilumi.com.br\/?product=abajur-de-chao-sbelt-cru-80-montado"]}]},{"@type":"BreadcrumbList","@id":"https:\/\/ecoilumi.com.br\/?product=abajur-de-chao-sbelt-cru-80-montado#breadcrumb","itemListElement":[{"@type":"ListItem","position":1,"name":"In\u00edcio","item":"https:\/\/ecoilumi.com.br\/"},{"@type":"ListItem","position":2,"name":"Produtos","item":"https:\/\/ecoilumi.com.br\/?page_id=53"},{"@type":"ListItem","position":3,"name":"Abajur de Ch\u00e3o Sbelt Cru 80 MONTADO"}]}]}},"_links":{"self":[{"href":"https:\/\/ecoilumi.com.br\/index.php?rest_route=\/wp\/v2\/product\/738","targetHints":{"allow":["GET"]}}],"collection":[{"href":"https:\/\/ecoilumi.com.br\/index.php?rest_route=\/wp\/v2\/product"}],"about":[{"href":"https:\/\/ecoilumi.com.br\/index.php?rest_route=\/wp\/v2\/types\/product"}],"replies":[{"embeddable":true,"href":"https:\/\/ecoilumi.com.br\/index.php?rest_route=%2Fwp%2Fv2%2Fcomments&post=738"}],"wp:featuredmedia":[{"embeddable":true,"href":"https:\/\/ecoilumi.com.br\/index.php?rest_route=\/wp\/v2\/media\/743"}],"wp:attachment":[{"href":"https:\/\/ecoilumi.com.br\/index.php?rest_route=%2Fwp%2Fv2%2Fmedia&parent=738"}],"wp:term":[{"taxonomy":"product_cat","embeddable":true,"href":"https:\/\/ecoilumi.com.br\/index.php?rest_route=%2Fwp%2Fv2%2Fproduct_cat&post=738"},{"taxonomy":"product_tag","embeddable":true,"href":"https:\/\/ecoilumi.com.br\/index.php?rest_route=%2Fwp%2Fv2%2Fproduct_tag&post=738"}],"curies":[{"name":"wp","href":"https:\/\/api.w.org\/{rel}","templated":true}]}}