{"id":538,"date":"2022-01-08T17:23:23","date_gmt":"2022-01-08T20:23:23","guid":{"rendered":"https:\/\/ecoilumi.com.br\/?post_type=product&#038;p=538"},"modified":"2023-06-23T21:12:40","modified_gmt":"2023-06-24T00:12:40","slug":"lustre-luminaria-pendente-de-madeira-mdf-batman","status":"publish","type":"product","link":"https:\/\/ecoilumi.com.br\/?product=lustre-luminaria-pendente-de-madeira-mdf-batman","title":{"rendered":"Lustre Lumin\u00e1ria Pendente de Madeira MDF Batman"},"content":{"rendered":"<p>Deixe o quarto do seu filho mais divertido e protegido pelo seu her\u00f3i favorito.<\/p>\n<p>Esse lindo lustre confeccionado em MDF possui design moderno \u00e9 ideal para todo tipo de ambiente.<\/p>\n<p>CARACTER\u00cdSTICAS:<br \/>\nMaterial principal: MDF 3mm<br \/>\nCor: Preto<br \/>\nVoltagem: Bivolt<br \/>\nSoquete: E27<br \/>\nAltura Regul\u00e1vel: Sim<br \/>\nAmbiente de Ilumina\u00e7\u00e3o: Interno<br \/>\nNecessita Montagem: N\u00e3o<br \/>\nQuantidade de l\u00e2mpadas: 1 (n\u00e3o inclusa)<br \/>\nDimens\u00f5es: Largura 28cm, Altura 14cm<\/p>\n<p>A ECO ilumi \u00e9 uma empresa especializada na cria\u00e7\u00e3o de decora\u00e7\u00e3o em MDF.<\/p>\n","protected":false},"excerpt":{"rendered":"<p>Deixe o quarto do seu filho mais divertido e protegido pelo seu her\u00f3i favorito. Esse lindo lustre confeccionado em MDF possui design moderno \u00e9 ideal para todo tipo de ambiente. CARACTER\u00cdSTICAS: Material principal: MDF 3mm Cor: Preto Voltagem: Bivolt Soquete: E27 Altura Regul\u00e1vel: Sim Ambiente de Ilumina\u00e7\u00e3o: Interno Necessita Montagem: N\u00e3o Quantidade de l\u00e2mpadas: 1&hellip;&nbsp;<a href=\"https:\/\/ecoilumi.com.br\/?product=lustre-luminaria-pendente-de-madeira-mdf-batman\" class=\"\" rel=\"bookmark\">Continue a ler &raquo;<span class=\"screen-reader-text\">Lustre Lumin\u00e1ria Pendente de Madeira MDF Batman<\/span><\/a><\/p>\n","protected":false},"featured_media":539,"comment_status":"open","ping_status":"closed","template":"","meta":{"neve_meta_sidebar":"","neve_meta_container":"","neve_meta_enable_content_width":"off","neve_meta_content_width":100,"neve_meta_title_alignment":"","neve_meta_author_avatar":"","neve_post_elements_order":"","neve_meta_disable_header":"","neve_meta_disable_footer":"","neve_meta_disable_title":"","_themeisle_gutenberg_block_has_review":false,"_ti_tpc_template_sync":false,"_ti_tpc_template_id":"","spay_email":""},"product_cat":[23],"product_tag":[],"class_list":{"0":"post-538","1":"product","2":"type-product","3":"status-publish","4":"has-post-thumbnail","6":"product_cat-lustres-e-pendentes","8":"first","9":"instock","10":"shipping-taxable","11":"purchasable","12":"product-type-simple"},"yoast_head":"<!-- This site is optimized with the Yoast SEO plugin v19.0 - https:\/\/yoast.com\/wordpress\/plugins\/seo\/ -->\n<title>Lustre Lumin\u00e1ria Pendente de Madeira MDF Batman - ECOilumi<\/title>\n<meta name=\"robots\" content=\"index, follow, max-snippet:-1, max-image-preview:large, max-video-preview:-1\" \/>\n<link rel=\"canonical\" href=\"https:\/\/ecoilumi.com.br\/?product=lustre-luminaria-pendente-de-madeira-mdf-batman\" \/>\n<meta property=\"og:locale\" content=\"pt_BR\" \/>\n<meta property=\"og:type\" content=\"article\" \/>\n<meta property=\"og:title\" content=\"Lustre Lumin\u00e1ria Pendente de Madeira MDF Batman - ECOilumi\" \/>\n<meta property=\"og:description\" content=\"Deixe o quarto do seu filho mais divertido e protegido pelo seu her\u00f3i favorito. Esse lindo lustre confeccionado em MDF possui design moderno \u00e9 ideal para todo tipo de ambiente. CARACTER\u00cdSTICAS: Material principal: MDF 3mm Cor: Preto Voltagem: Bivolt Soquete: E27 Altura Regul\u00e1vel: Sim Ambiente de Ilumina\u00e7\u00e3o: Interno Necessita Montagem: N\u00e3o Quantidade de l\u00e2mpadas: 1&hellip;&nbsp;Continue a ler &raquo;Lustre Lumin\u00e1ria Pendente de Madeira MDF Batman\" \/>\n<meta property=\"og:url\" content=\"https:\/\/ecoilumi.com.br\/?product=lustre-luminaria-pendente-de-madeira-mdf-batman\" \/>\n<meta property=\"og:site_name\" content=\"ECOilumi\" \/>\n<meta property=\"article:modified_time\" content=\"2023-06-24T00:12:40+00:00\" \/>\n<meta property=\"og:image\" content=\"http:\/\/ecoilumi.com.br\/wp-content\/uploads\/2022\/01\/Lustre-Luminaria-Pendente-de-Madeira-MDF-Batman-01.jpg\" \/>\n\t<meta property=\"og:image:width\" content=\"1000\" \/>\n\t<meta property=\"og:image:height\" content=\"1000\" \/>\n\t<meta property=\"og:image:type\" content=\"image\/jpeg\" \/>\n<meta name=\"twitter:card\" content=\"summary_large_image\" \/>\n<script type=\"application\/ld+json\" class=\"yoast-schema-graph\">{\"@context\":\"https:\/\/schema.org\",\"@graph\":[{\"@type\":\"Organization\",\"@id\":\"https:\/\/ecoilumi.com.br\/#organization\",\"name\":\"ECOilumi\",\"url\":\"https:\/\/ecoilumi.com.br\/\",\"sameAs\":[],\"logo\":{\"@type\":\"ImageObject\",\"inLanguage\":\"pt-BR\",\"@id\":\"https:\/\/ecoilumi.com.br\/#\/schema\/logo\/image\/\",\"url\":\"https:\/\/ecoilumi.com.br\/wp-content\/uploads\/2022\/01\/ECO-ilumi3.png\",\"contentUrl\":\"https:\/\/ecoilumi.com.br\/wp-content\/uploads\/2022\/01\/ECO-ilumi3.png\",\"width\":1000,\"height\":500,\"caption\":\"ECOilumi\"},\"image\":{\"@id\":\"https:\/\/ecoilumi.com.br\/#\/schema\/logo\/image\/\"}},{\"@type\":\"WebSite\",\"@id\":\"https:\/\/ecoilumi.com.br\/#website\",\"url\":\"https:\/\/ecoilumi.com.br\/\",\"name\":\"ECOilumi\",\"description\":\"Empresa do Grupo RELA\",\"publisher\":{\"@id\":\"https:\/\/ecoilumi.com.br\/#organization\"},\"potentialAction\":[{\"@type\":\"SearchAction\",\"target\":{\"@type\":\"EntryPoint\",\"urlTemplate\":\"https:\/\/ecoilumi.com.br\/?s={search_term_string}\"},\"query-input\":\"required name=search_term_string\"}],\"inLanguage\":\"pt-BR\"},{\"@type\":\"ImageObject\",\"inLanguage\":\"pt-BR\",\"@id\":\"https:\/\/ecoilumi.com.br\/?product=lustre-luminaria-pendente-de-madeira-mdf-batman#primaryimage\",\"url\":\"https:\/\/ecoilumi.com.br\/wp-content\/uploads\/2022\/01\/Lustre-Luminaria-Pendente-de-Madeira-MDF-Batman-01.jpg\",\"contentUrl\":\"https:\/\/ecoilumi.com.br\/wp-content\/uploads\/2022\/01\/Lustre-Luminaria-Pendente-de-Madeira-MDF-Batman-01.jpg\",\"width\":1000,\"height\":1000},{\"@type\":\"WebPage\",\"@id\":\"https:\/\/ecoilumi.com.br\/?product=lustre-luminaria-pendente-de-madeira-mdf-batman#webpage\",\"url\":\"https:\/\/ecoilumi.com.br\/?product=lustre-luminaria-pendente-de-madeira-mdf-batman\",\"name\":\"Lustre Lumin\u00e1ria Pendente de Madeira MDF Batman - ECOilumi\",\"isPartOf\":{\"@id\":\"https:\/\/ecoilumi.com.br\/#website\"},\"primaryImageOfPage\":{\"@id\":\"https:\/\/ecoilumi.com.br\/?product=lustre-luminaria-pendente-de-madeira-mdf-batman#primaryimage\"},\"datePublished\":\"2022-01-08T20:23:23+00:00\",\"dateModified\":\"2023-06-24T00:12:40+00:00\",\"breadcrumb\":{\"@id\":\"https:\/\/ecoilumi.com.br\/?product=lustre-luminaria-pendente-de-madeira-mdf-batman#breadcrumb\"},\"inLanguage\":\"pt-BR\",\"potentialAction\":[{\"@type\":\"ReadAction\",\"target\":[\"https:\/\/ecoilumi.com.br\/?product=lustre-luminaria-pendente-de-madeira-mdf-batman\"]}]},{\"@type\":\"BreadcrumbList\",\"@id\":\"https:\/\/ecoilumi.com.br\/?product=lustre-luminaria-pendente-de-madeira-mdf-batman#breadcrumb\",\"itemListElement\":[{\"@type\":\"ListItem\",\"position\":1,\"name\":\"In\u00edcio\",\"item\":\"https:\/\/ecoilumi.com.br\/\"},{\"@type\":\"ListItem\",\"position\":2,\"name\":\"Produtos\",\"item\":\"https:\/\/ecoilumi.com.br\/?page_id=53\"},{\"@type\":\"ListItem\",\"position\":3,\"name\":\"Lustre Lumin\u00e1ria Pendente de Madeira MDF Batman\"}]}]}<\/script>\n<!-- \/ Yoast SEO plugin. -->","yoast_head_json":{"title":"Lustre Lumin\u00e1ria Pendente de Madeira MDF Batman - ECOilumi","robots":{"index":"index","follow":"follow","max-snippet":"max-snippet:-1","max-image-preview":"max-image-preview:large","max-video-preview":"max-video-preview:-1"},"canonical":"https:\/\/ecoilumi.com.br\/?product=lustre-luminaria-pendente-de-madeira-mdf-batman","og_locale":"pt_BR","og_type":"article","og_title":"Lustre Lumin\u00e1ria Pendente de Madeira MDF Batman - ECOilumi","og_description":"Deixe o quarto do seu filho mais divertido e protegido pelo seu her\u00f3i favorito. Esse lindo lustre confeccionado em MDF possui design moderno \u00e9 ideal para todo tipo de ambiente. CARACTER\u00cdSTICAS: Material principal: MDF 3mm Cor: Preto Voltagem: Bivolt Soquete: E27 Altura Regul\u00e1vel: Sim Ambiente de Ilumina\u00e7\u00e3o: Interno Necessita Montagem: N\u00e3o Quantidade de l\u00e2mpadas: 1&hellip;&nbsp;Continue a ler &raquo;Lustre Lumin\u00e1ria Pendente de Madeira MDF Batman","og_url":"https:\/\/ecoilumi.com.br\/?product=lustre-luminaria-pendente-de-madeira-mdf-batman","og_site_name":"ECOilumi","article_modified_time":"2023-06-24T00:12:40+00:00","og_image":[{"width":1000,"height":1000,"url":"http:\/\/ecoilumi.com.br\/wp-content\/uploads\/2022\/01\/Lustre-Luminaria-Pendente-de-Madeira-MDF-Batman-01.jpg","type":"image\/jpeg"}],"twitter_card":"summary_large_image","schema":{"@context":"https:\/\/schema.org","@graph":[{"@type":"Organization","@id":"https:\/\/ecoilumi.com.br\/#organization","name":"ECOilumi","url":"https:\/\/ecoilumi.com.br\/","sameAs":[],"logo":{"@type":"ImageObject","inLanguage":"pt-BR","@id":"https:\/\/ecoilumi.com.br\/#\/schema\/logo\/image\/","url":"https:\/\/ecoilumi.com.br\/wp-content\/uploads\/2022\/01\/ECO-ilumi3.png","contentUrl":"https:\/\/ecoilumi.com.br\/wp-content\/uploads\/2022\/01\/ECO-ilumi3.png","width":1000,"height":500,"caption":"ECOilumi"},"image":{"@id":"https:\/\/ecoilumi.com.br\/#\/schema\/logo\/image\/"}},{"@type":"WebSite","@id":"https:\/\/ecoilumi.com.br\/#website","url":"https:\/\/ecoilumi.com.br\/","name":"ECOilumi","description":"Empresa do Grupo RELA","publisher":{"@id":"https:\/\/ecoilumi.com.br\/#organization"},"potentialAction":[{"@type":"SearchAction","target":{"@type":"EntryPoint","urlTemplate":"https:\/\/ecoilumi.com.br\/?s={search_term_string}"},"query-input":"required name=search_term_string"}],"inLanguage":"pt-BR"},{"@type":"ImageObject","inLanguage":"pt-BR","@id":"https:\/\/ecoilumi.com.br\/?product=lustre-luminaria-pendente-de-madeira-mdf-batman#primaryimage","url":"https:\/\/ecoilumi.com.br\/wp-content\/uploads\/2022\/01\/Lustre-Luminaria-Pendente-de-Madeira-MDF-Batman-01.jpg","contentUrl":"https:\/\/ecoilumi.com.br\/wp-content\/uploads\/2022\/01\/Lustre-Luminaria-Pendente-de-Madeira-MDF-Batman-01.jpg","width":1000,"height":1000},{"@type":"WebPage","@id":"https:\/\/ecoilumi.com.br\/?product=lustre-luminaria-pendente-de-madeira-mdf-batman#webpage","url":"https:\/\/ecoilumi.com.br\/?product=lustre-luminaria-pendente-de-madeira-mdf-batman","name":"Lustre Lumin\u00e1ria Pendente de Madeira MDF Batman - ECOilumi","isPartOf":{"@id":"https:\/\/ecoilumi.com.br\/#website"},"primaryImageOfPage":{"@id":"https:\/\/ecoilumi.com.br\/?product=lustre-luminaria-pendente-de-madeira-mdf-batman#primaryimage"},"datePublished":"2022-01-08T20:23:23+00:00","dateModified":"2023-06-24T00:12:40+00:00","breadcrumb":{"@id":"https:\/\/ecoilumi.com.br\/?product=lustre-luminaria-pendente-de-madeira-mdf-batman#breadcrumb"},"inLanguage":"pt-BR","potentialAction":[{"@type":"ReadAction","target":["https:\/\/ecoilumi.com.br\/?product=lustre-luminaria-pendente-de-madeira-mdf-batman"]}]},{"@type":"BreadcrumbList","@id":"https:\/\/ecoilumi.com.br\/?product=lustre-luminaria-pendente-de-madeira-mdf-batman#breadcrumb","itemListElement":[{"@type":"ListItem","position":1,"name":"In\u00edcio","item":"https:\/\/ecoilumi.com.br\/"},{"@type":"ListItem","position":2,"name":"Produtos","item":"https:\/\/ecoilumi.com.br\/?page_id=53"},{"@type":"ListItem","position":3,"name":"Lustre Lumin\u00e1ria Pendente de Madeira MDF Batman"}]}]}},"_links":{"self":[{"href":"https:\/\/ecoilumi.com.br\/index.php?rest_route=\/wp\/v2\/product\/538","targetHints":{"allow":["GET"]}}],"collection":[{"href":"https:\/\/ecoilumi.com.br\/index.php?rest_route=\/wp\/v2\/product"}],"about":[{"href":"https:\/\/ecoilumi.com.br\/index.php?rest_route=\/wp\/v2\/types\/product"}],"replies":[{"embeddable":true,"href":"https:\/\/ecoilumi.com.br\/index.php?rest_route=%2Fwp%2Fv2%2Fcomments&post=538"}],"wp:featuredmedia":[{"embeddable":true,"href":"https:\/\/ecoilumi.com.br\/index.php?rest_route=\/wp\/v2\/media\/539"}],"wp:attachment":[{"href":"https:\/\/ecoilumi.com.br\/index.php?rest_route=%2Fwp%2Fv2%2Fmedia&parent=538"}],"wp:term":[{"taxonomy":"product_cat","embeddable":true,"href":"https:\/\/ecoilumi.com.br\/index.php?rest_route=%2Fwp%2Fv2%2Fproduct_cat&post=538"},{"taxonomy":"product_tag","embeddable":true,"href":"https:\/\/ecoilumi.com.br\/index.php?rest_route=%2Fwp%2Fv2%2Fproduct_tag&post=538"}],"curies":[{"name":"wp","href":"https:\/\/api.w.org\/{rel}","templated":true}]}}