{"id":492,"date":"2022-01-08T16:52:37","date_gmt":"2022-01-08T19:52:37","guid":{"rendered":"https:\/\/ecoilumi.com.br\/?post_type=product&#038;p=492"},"modified":"2023-06-23T21:11:31","modified_gmt":"2023-06-24T00:11:31","slug":"lustre-luminaria-pendente-de-madeira-mdf-mod-domo","status":"publish","type":"product","link":"https:\/\/ecoilumi.com.br\/?product=lustre-luminaria-pendente-de-madeira-mdf-mod-domo","title":{"rendered":"Lustre Lumin\u00e1ria Pendente de Madeira MDF Mod. Domo"},"content":{"rendered":"<p>Esse lindo lustre confeccionado em MDF possui design moderno \u00e9 ideal para todo tipo de ambiente.<br \/>\nPor ser fornecido em acabamento natural, permite que seja pintado, envernizado ou personalizado, possibilitando que voc\u00ea possa adequar perfeitamente \u00e0 sua decora\u00e7\u00e3o.<\/p>\n<p>CARACTER\u00cdSTICAS:<br \/>\nMaterial principal: MDF Cru 3mm<br \/>\nCor: Natural<br \/>\nVoltagem: Bivolt<br \/>\nSoquete: E27<br \/>\nAltura Regul\u00e1vel: Sim<br \/>\nAmbiente de Ilumina\u00e7\u00e3o: Interno<br \/>\nNecessita Montagem: N\u00e3o<br \/>\nQuantidade de l\u00e2mpadas: 1 (n\u00e3o inclusa)<br \/>\nDimens\u00f5es: Di\u00e2metro 35cm, comprimento 23cm<\/p>\n<p>A ECO ilumi \u00e9 uma empresa especializada na cria\u00e7\u00e3o de decora\u00e7\u00e3o em MDF.<\/p>\n","protected":false},"excerpt":{"rendered":"<p>Esse lindo lustre confeccionado em MDF possui design moderno \u00e9 ideal para todo tipo de ambiente. Por ser fornecido em acabamento natural, permite que seja pintado, envernizado ou personalizado, possibilitando que voc\u00ea possa adequar perfeitamente \u00e0 sua decora\u00e7\u00e3o. CARACTER\u00cdSTICAS: Material principal: MDF Cru 3mm Cor: Natural Voltagem: Bivolt Soquete: E27 Altura Regul\u00e1vel: Sim Ambiente de&hellip;&nbsp;<a href=\"https:\/\/ecoilumi.com.br\/?product=lustre-luminaria-pendente-de-madeira-mdf-mod-domo\" class=\"\" rel=\"bookmark\">Continue a ler &raquo;<span class=\"screen-reader-text\">Lustre Lumin\u00e1ria Pendente de Madeira MDF Mod. Domo<\/span><\/a><\/p>\n","protected":false},"featured_media":494,"comment_status":"open","ping_status":"closed","template":"","meta":{"neve_meta_sidebar":"","neve_meta_container":"","neve_meta_enable_content_width":"off","neve_meta_content_width":100,"neve_meta_title_alignment":"","neve_meta_author_avatar":"","neve_post_elements_order":"","neve_meta_disable_header":"","neve_meta_disable_footer":"","neve_meta_disable_title":"","_themeisle_gutenberg_block_has_review":false,"_ti_tpc_template_sync":false,"_ti_tpc_template_id":"","spay_email":""},"product_cat":[23],"product_tag":[],"class_list":{"0":"post-492","1":"product","2":"type-product","3":"status-publish","4":"has-post-thumbnail","6":"product_cat-lustres-e-pendentes","8":"first","9":"instock","10":"shipping-taxable","11":"purchasable","12":"product-type-simple"},"yoast_head":"<!-- This site is optimized with the Yoast SEO plugin v19.0 - https:\/\/yoast.com\/wordpress\/plugins\/seo\/ -->\n<title>Lustre Lumin\u00e1ria Pendente de Madeira MDF Mod. Domo - ECOilumi<\/title>\n<meta name=\"robots\" content=\"index, follow, max-snippet:-1, max-image-preview:large, max-video-preview:-1\" \/>\n<link rel=\"canonical\" href=\"https:\/\/ecoilumi.com.br\/?product=lustre-luminaria-pendente-de-madeira-mdf-mod-domo\" \/>\n<meta property=\"og:locale\" content=\"pt_BR\" \/>\n<meta property=\"og:type\" content=\"article\" \/>\n<meta property=\"og:title\" content=\"Lustre Lumin\u00e1ria Pendente de Madeira MDF Mod. Domo - ECOilumi\" \/>\n<meta property=\"og:description\" content=\"Esse lindo lustre confeccionado em MDF possui design moderno \u00e9 ideal para todo tipo de ambiente. Por ser fornecido em acabamento natural, permite que seja pintado, envernizado ou personalizado, possibilitando que voc\u00ea possa adequar perfeitamente \u00e0 sua decora\u00e7\u00e3o. CARACTER\u00cdSTICAS: Material principal: MDF Cru 3mm Cor: Natural Voltagem: Bivolt Soquete: E27 Altura Regul\u00e1vel: Sim Ambiente de&hellip;&nbsp;Continue a ler &raquo;Lustre Lumin\u00e1ria Pendente de Madeira MDF Mod. Domo\" \/>\n<meta property=\"og:url\" content=\"https:\/\/ecoilumi.com.br\/?product=lustre-luminaria-pendente-de-madeira-mdf-mod-domo\" \/>\n<meta property=\"og:site_name\" content=\"ECOilumi\" \/>\n<meta property=\"article:modified_time\" content=\"2023-06-24T00:11:31+00:00\" \/>\n<meta property=\"og:image\" content=\"http:\/\/ecoilumi.com.br\/wp-content\/uploads\/2022\/01\/Lustre-Luminaria-Pendente-de-Madeira-MDF-Mod.-Domo-03.jpg\" \/>\n\t<meta property=\"og:image:width\" content=\"1000\" \/>\n\t<meta property=\"og:image:height\" content=\"1000\" \/>\n\t<meta property=\"og:image:type\" content=\"image\/jpeg\" \/>\n<meta name=\"twitter:card\" content=\"summary_large_image\" \/>\n<script type=\"application\/ld+json\" class=\"yoast-schema-graph\">{\"@context\":\"https:\/\/schema.org\",\"@graph\":[{\"@type\":\"Organization\",\"@id\":\"https:\/\/ecoilumi.com.br\/#organization\",\"name\":\"ECOilumi\",\"url\":\"https:\/\/ecoilumi.com.br\/\",\"sameAs\":[],\"logo\":{\"@type\":\"ImageObject\",\"inLanguage\":\"pt-BR\",\"@id\":\"https:\/\/ecoilumi.com.br\/#\/schema\/logo\/image\/\",\"url\":\"https:\/\/ecoilumi.com.br\/wp-content\/uploads\/2022\/01\/ECO-ilumi3.png\",\"contentUrl\":\"https:\/\/ecoilumi.com.br\/wp-content\/uploads\/2022\/01\/ECO-ilumi3.png\",\"width\":1000,\"height\":500,\"caption\":\"ECOilumi\"},\"image\":{\"@id\":\"https:\/\/ecoilumi.com.br\/#\/schema\/logo\/image\/\"}},{\"@type\":\"WebSite\",\"@id\":\"https:\/\/ecoilumi.com.br\/#website\",\"url\":\"https:\/\/ecoilumi.com.br\/\",\"name\":\"ECOilumi\",\"description\":\"Empresa do Grupo RELA\",\"publisher\":{\"@id\":\"https:\/\/ecoilumi.com.br\/#organization\"},\"potentialAction\":[{\"@type\":\"SearchAction\",\"target\":{\"@type\":\"EntryPoint\",\"urlTemplate\":\"https:\/\/ecoilumi.com.br\/?s={search_term_string}\"},\"query-input\":\"required name=search_term_string\"}],\"inLanguage\":\"pt-BR\"},{\"@type\":\"ImageObject\",\"inLanguage\":\"pt-BR\",\"@id\":\"https:\/\/ecoilumi.com.br\/?product=lustre-luminaria-pendente-de-madeira-mdf-mod-domo#primaryimage\",\"url\":\"https:\/\/ecoilumi.com.br\/wp-content\/uploads\/2022\/01\/Lustre-Luminaria-Pendente-de-Madeira-MDF-Mod.-Domo-03.jpg\",\"contentUrl\":\"https:\/\/ecoilumi.com.br\/wp-content\/uploads\/2022\/01\/Lustre-Luminaria-Pendente-de-Madeira-MDF-Mod.-Domo-03.jpg\",\"width\":1000,\"height\":1000},{\"@type\":\"WebPage\",\"@id\":\"https:\/\/ecoilumi.com.br\/?product=lustre-luminaria-pendente-de-madeira-mdf-mod-domo#webpage\",\"url\":\"https:\/\/ecoilumi.com.br\/?product=lustre-luminaria-pendente-de-madeira-mdf-mod-domo\",\"name\":\"Lustre Lumin\u00e1ria Pendente de Madeira MDF Mod. Domo - ECOilumi\",\"isPartOf\":{\"@id\":\"https:\/\/ecoilumi.com.br\/#website\"},\"primaryImageOfPage\":{\"@id\":\"https:\/\/ecoilumi.com.br\/?product=lustre-luminaria-pendente-de-madeira-mdf-mod-domo#primaryimage\"},\"datePublished\":\"2022-01-08T19:52:37+00:00\",\"dateModified\":\"2023-06-24T00:11:31+00:00\",\"breadcrumb\":{\"@id\":\"https:\/\/ecoilumi.com.br\/?product=lustre-luminaria-pendente-de-madeira-mdf-mod-domo#breadcrumb\"},\"inLanguage\":\"pt-BR\",\"potentialAction\":[{\"@type\":\"ReadAction\",\"target\":[\"https:\/\/ecoilumi.com.br\/?product=lustre-luminaria-pendente-de-madeira-mdf-mod-domo\"]}]},{\"@type\":\"BreadcrumbList\",\"@id\":\"https:\/\/ecoilumi.com.br\/?product=lustre-luminaria-pendente-de-madeira-mdf-mod-domo#breadcrumb\",\"itemListElement\":[{\"@type\":\"ListItem\",\"position\":1,\"name\":\"In\u00edcio\",\"item\":\"https:\/\/ecoilumi.com.br\/\"},{\"@type\":\"ListItem\",\"position\":2,\"name\":\"Produtos\",\"item\":\"https:\/\/ecoilumi.com.br\/?page_id=53\"},{\"@type\":\"ListItem\",\"position\":3,\"name\":\"Lustre Lumin\u00e1ria Pendente de Madeira MDF Mod. Domo\"}]}]}<\/script>\n<!-- \/ Yoast SEO plugin. -->","yoast_head_json":{"title":"Lustre Lumin\u00e1ria Pendente de Madeira MDF Mod. Domo - ECOilumi","robots":{"index":"index","follow":"follow","max-snippet":"max-snippet:-1","max-image-preview":"max-image-preview:large","max-video-preview":"max-video-preview:-1"},"canonical":"https:\/\/ecoilumi.com.br\/?product=lustre-luminaria-pendente-de-madeira-mdf-mod-domo","og_locale":"pt_BR","og_type":"article","og_title":"Lustre Lumin\u00e1ria Pendente de Madeira MDF Mod. Domo - ECOilumi","og_description":"Esse lindo lustre confeccionado em MDF possui design moderno \u00e9 ideal para todo tipo de ambiente. Por ser fornecido em acabamento natural, permite que seja pintado, envernizado ou personalizado, possibilitando que voc\u00ea possa adequar perfeitamente \u00e0 sua decora\u00e7\u00e3o. CARACTER\u00cdSTICAS: Material principal: MDF Cru 3mm Cor: Natural Voltagem: Bivolt Soquete: E27 Altura Regul\u00e1vel: Sim Ambiente de&hellip;&nbsp;Continue a ler &raquo;Lustre Lumin\u00e1ria Pendente de Madeira MDF Mod. Domo","og_url":"https:\/\/ecoilumi.com.br\/?product=lustre-luminaria-pendente-de-madeira-mdf-mod-domo","og_site_name":"ECOilumi","article_modified_time":"2023-06-24T00:11:31+00:00","og_image":[{"width":1000,"height":1000,"url":"http:\/\/ecoilumi.com.br\/wp-content\/uploads\/2022\/01\/Lustre-Luminaria-Pendente-de-Madeira-MDF-Mod.-Domo-03.jpg","type":"image\/jpeg"}],"twitter_card":"summary_large_image","schema":{"@context":"https:\/\/schema.org","@graph":[{"@type":"Organization","@id":"https:\/\/ecoilumi.com.br\/#organization","name":"ECOilumi","url":"https:\/\/ecoilumi.com.br\/","sameAs":[],"logo":{"@type":"ImageObject","inLanguage":"pt-BR","@id":"https:\/\/ecoilumi.com.br\/#\/schema\/logo\/image\/","url":"https:\/\/ecoilumi.com.br\/wp-content\/uploads\/2022\/01\/ECO-ilumi3.png","contentUrl":"https:\/\/ecoilumi.com.br\/wp-content\/uploads\/2022\/01\/ECO-ilumi3.png","width":1000,"height":500,"caption":"ECOilumi"},"image":{"@id":"https:\/\/ecoilumi.com.br\/#\/schema\/logo\/image\/"}},{"@type":"WebSite","@id":"https:\/\/ecoilumi.com.br\/#website","url":"https:\/\/ecoilumi.com.br\/","name":"ECOilumi","description":"Empresa do Grupo RELA","publisher":{"@id":"https:\/\/ecoilumi.com.br\/#organization"},"potentialAction":[{"@type":"SearchAction","target":{"@type":"EntryPoint","urlTemplate":"https:\/\/ecoilumi.com.br\/?s={search_term_string}"},"query-input":"required name=search_term_string"}],"inLanguage":"pt-BR"},{"@type":"ImageObject","inLanguage":"pt-BR","@id":"https:\/\/ecoilumi.com.br\/?product=lustre-luminaria-pendente-de-madeira-mdf-mod-domo#primaryimage","url":"https:\/\/ecoilumi.com.br\/wp-content\/uploads\/2022\/01\/Lustre-Luminaria-Pendente-de-Madeira-MDF-Mod.-Domo-03.jpg","contentUrl":"https:\/\/ecoilumi.com.br\/wp-content\/uploads\/2022\/01\/Lustre-Luminaria-Pendente-de-Madeira-MDF-Mod.-Domo-03.jpg","width":1000,"height":1000},{"@type":"WebPage","@id":"https:\/\/ecoilumi.com.br\/?product=lustre-luminaria-pendente-de-madeira-mdf-mod-domo#webpage","url":"https:\/\/ecoilumi.com.br\/?product=lustre-luminaria-pendente-de-madeira-mdf-mod-domo","name":"Lustre Lumin\u00e1ria Pendente de Madeira MDF Mod. Domo - ECOilumi","isPartOf":{"@id":"https:\/\/ecoilumi.com.br\/#website"},"primaryImageOfPage":{"@id":"https:\/\/ecoilumi.com.br\/?product=lustre-luminaria-pendente-de-madeira-mdf-mod-domo#primaryimage"},"datePublished":"2022-01-08T19:52:37+00:00","dateModified":"2023-06-24T00:11:31+00:00","breadcrumb":{"@id":"https:\/\/ecoilumi.com.br\/?product=lustre-luminaria-pendente-de-madeira-mdf-mod-domo#breadcrumb"},"inLanguage":"pt-BR","potentialAction":[{"@type":"ReadAction","target":["https:\/\/ecoilumi.com.br\/?product=lustre-luminaria-pendente-de-madeira-mdf-mod-domo"]}]},{"@type":"BreadcrumbList","@id":"https:\/\/ecoilumi.com.br\/?product=lustre-luminaria-pendente-de-madeira-mdf-mod-domo#breadcrumb","itemListElement":[{"@type":"ListItem","position":1,"name":"In\u00edcio","item":"https:\/\/ecoilumi.com.br\/"},{"@type":"ListItem","position":2,"name":"Produtos","item":"https:\/\/ecoilumi.com.br\/?page_id=53"},{"@type":"ListItem","position":3,"name":"Lustre Lumin\u00e1ria Pendente de Madeira MDF Mod. Domo"}]}]}},"_links":{"self":[{"href":"https:\/\/ecoilumi.com.br\/index.php?rest_route=\/wp\/v2\/product\/492","targetHints":{"allow":["GET"]}}],"collection":[{"href":"https:\/\/ecoilumi.com.br\/index.php?rest_route=\/wp\/v2\/product"}],"about":[{"href":"https:\/\/ecoilumi.com.br\/index.php?rest_route=\/wp\/v2\/types\/product"}],"replies":[{"embeddable":true,"href":"https:\/\/ecoilumi.com.br\/index.php?rest_route=%2Fwp%2Fv2%2Fcomments&post=492"}],"wp:featuredmedia":[{"embeddable":true,"href":"https:\/\/ecoilumi.com.br\/index.php?rest_route=\/wp\/v2\/media\/494"}],"wp:attachment":[{"href":"https:\/\/ecoilumi.com.br\/index.php?rest_route=%2Fwp%2Fv2%2Fmedia&parent=492"}],"wp:term":[{"taxonomy":"product_cat","embeddable":true,"href":"https:\/\/ecoilumi.com.br\/index.php?rest_route=%2Fwp%2Fv2%2Fproduct_cat&post=492"},{"taxonomy":"product_tag","embeddable":true,"href":"https:\/\/ecoilumi.com.br\/index.php?rest_route=%2Fwp%2Fv2%2Fproduct_tag&post=492"}],"curies":[{"name":"wp","href":"https:\/\/api.w.org\/{rel}","templated":true}]}}