{"id":478,"date":"2022-01-08T16:37:33","date_gmt":"2022-01-08T19:37:33","guid":{"rendered":"https:\/\/ecoilumi.com.br\/?post_type=product&#038;p=478"},"modified":"2022-08-02T18:41:12","modified_gmt":"2022-08-02T21:41:12","slug":"luminaria-abajur-de-mesa-capadocia-mod-gota","status":"publish","type":"product","link":"https:\/\/ecoilumi.com.br\/?product=luminaria-abajur-de-mesa-capadocia-mod-gota","title":{"rendered":"Lumin\u00e1ria Abajur de mesa Capad\u00f3cia mod. Gota"},"content":{"rendered":"<p>Essa linda e moderna lumin\u00e1ria de mesa \u00e9 ideal para deixar seu ambiente muito mais aconchegante.<\/p>\n<p>Por ser fornecido em acabamento natural, permite que seja pintado, envernizado ou personalizado, possibilitando que voc\u00ea possa adequar perfeitamente \u00e0 sua decora\u00e7\u00e3o.<\/p>\n<p>CARACTER\u00cdSTICAS:<br \/>\nMaterial principal: MDF Cru 3mm<br \/>\nCor: Natural<br \/>\nVoltagem: Bivolt<br \/>\nSoquete: E27<br \/>\nAmbiente de Ilumina\u00e7\u00e3o: Interno<br \/>\nNecessita Montagem: N\u00e3o<br \/>\nQuantidade de l\u00e2mpadas: 1 (n\u00e3o inclusa)<br \/>\nDimens\u00f5es: Di\u00e2metro 20cm, comprimento 25cm<\/p>\n<p>A ECO ilumi \u00e9 uma empresa especializada na cria\u00e7\u00e3o de decora\u00e7\u00e3o em MDF.<\/p>\n","protected":false},"excerpt":{"rendered":"<p>Essa linda e moderna lumin\u00e1ria de mesa \u00e9 ideal para deixar seu ambiente muito mais aconchegante. Por ser fornecido em acabamento natural, permite que seja pintado, envernizado ou personalizado, possibilitando que voc\u00ea possa adequar perfeitamente \u00e0 sua decora\u00e7\u00e3o. CARACTER\u00cdSTICAS: Material principal: MDF Cru 3mm Cor: Natural Voltagem: Bivolt Soquete: E27 Ambiente de Ilumina\u00e7\u00e3o: Interno Necessita&hellip;&nbsp;<a href=\"https:\/\/ecoilumi.com.br\/?product=luminaria-abajur-de-mesa-capadocia-mod-gota\" class=\"\" rel=\"bookmark\">Continue a ler &raquo;<span class=\"screen-reader-text\">Lumin\u00e1ria Abajur de mesa Capad\u00f3cia mod. Gota<\/span><\/a><\/p>\n","protected":false},"featured_media":480,"comment_status":"open","ping_status":"closed","template":"","meta":{"neve_meta_sidebar":"","neve_meta_container":"","neve_meta_enable_content_width":"off","neve_meta_content_width":100,"neve_meta_title_alignment":"","neve_meta_author_avatar":"","neve_post_elements_order":"","neve_meta_disable_header":"","neve_meta_disable_footer":"","neve_meta_disable_title":"","_themeisle_gutenberg_block_has_review":false,"_ti_tpc_template_sync":false,"_ti_tpc_template_id":"","spay_email":""},"product_cat":[25],"product_tag":[],"class_list":{"0":"post-478","1":"product","2":"type-product","3":"status-publish","4":"has-post-thumbnail","6":"product_cat-luminarias-de-mesa","8":"first","9":"instock","10":"shipping-taxable","11":"purchasable","12":"product-type-simple"},"yoast_head":"<!-- This site is optimized with the Yoast SEO plugin v19.0 - https:\/\/yoast.com\/wordpress\/plugins\/seo\/ -->\n<title>Lumin\u00e1ria Abajur de mesa Capad\u00f3cia mod. Gota - ECOilumi<\/title>\n<meta name=\"robots\" content=\"index, follow, max-snippet:-1, max-image-preview:large, max-video-preview:-1\" \/>\n<link rel=\"canonical\" href=\"https:\/\/ecoilumi.com.br\/?product=luminaria-abajur-de-mesa-capadocia-mod-gota\" \/>\n<meta property=\"og:locale\" content=\"pt_BR\" \/>\n<meta property=\"og:type\" content=\"article\" \/>\n<meta property=\"og:title\" content=\"Lumin\u00e1ria Abajur de mesa Capad\u00f3cia mod. Gota - ECOilumi\" \/>\n<meta property=\"og:description\" content=\"Essa linda e moderna lumin\u00e1ria de mesa \u00e9 ideal para deixar seu ambiente muito mais aconchegante. Por ser fornecido em acabamento natural, permite que seja pintado, envernizado ou personalizado, possibilitando que voc\u00ea possa adequar perfeitamente \u00e0 sua decora\u00e7\u00e3o. CARACTER\u00cdSTICAS: Material principal: MDF Cru 3mm Cor: Natural Voltagem: Bivolt Soquete: E27 Ambiente de Ilumina\u00e7\u00e3o: Interno Necessita&hellip;&nbsp;Continue a ler &raquo;Lumin\u00e1ria Abajur de mesa Capad\u00f3cia mod. Gota\" \/>\n<meta property=\"og:url\" content=\"https:\/\/ecoilumi.com.br\/?product=luminaria-abajur-de-mesa-capadocia-mod-gota\" \/>\n<meta property=\"og:site_name\" content=\"ECOilumi\" \/>\n<meta property=\"article:modified_time\" content=\"2022-08-02T21:41:12+00:00\" \/>\n<meta property=\"og:image\" content=\"http:\/\/ecoilumi.com.br\/wp-content\/uploads\/2022\/01\/Luminaria-Abajur-de-mesa-Capadocia-mod.-Gota-05.jpg\" \/>\n\t<meta property=\"og:image:width\" content=\"1000\" \/>\n\t<meta property=\"og:image:height\" content=\"1000\" \/>\n\t<meta property=\"og:image:type\" content=\"image\/jpeg\" \/>\n<meta name=\"twitter:card\" content=\"summary_large_image\" \/>\n<script type=\"application\/ld+json\" class=\"yoast-schema-graph\">{\"@context\":\"https:\/\/schema.org\",\"@graph\":[{\"@type\":\"Organization\",\"@id\":\"https:\/\/ecoilumi.com.br\/#organization\",\"name\":\"ECOilumi\",\"url\":\"https:\/\/ecoilumi.com.br\/\",\"sameAs\":[],\"logo\":{\"@type\":\"ImageObject\",\"inLanguage\":\"pt-BR\",\"@id\":\"https:\/\/ecoilumi.com.br\/#\/schema\/logo\/image\/\",\"url\":\"https:\/\/ecoilumi.com.br\/wp-content\/uploads\/2022\/01\/ECO-ilumi3.png\",\"contentUrl\":\"https:\/\/ecoilumi.com.br\/wp-content\/uploads\/2022\/01\/ECO-ilumi3.png\",\"width\":1000,\"height\":500,\"caption\":\"ECOilumi\"},\"image\":{\"@id\":\"https:\/\/ecoilumi.com.br\/#\/schema\/logo\/image\/\"}},{\"@type\":\"WebSite\",\"@id\":\"https:\/\/ecoilumi.com.br\/#website\",\"url\":\"https:\/\/ecoilumi.com.br\/\",\"name\":\"ECOilumi\",\"description\":\"Empresa do Grupo RELA\",\"publisher\":{\"@id\":\"https:\/\/ecoilumi.com.br\/#organization\"},\"potentialAction\":[{\"@type\":\"SearchAction\",\"target\":{\"@type\":\"EntryPoint\",\"urlTemplate\":\"https:\/\/ecoilumi.com.br\/?s={search_term_string}\"},\"query-input\":\"required name=search_term_string\"}],\"inLanguage\":\"pt-BR\"},{\"@type\":\"ImageObject\",\"inLanguage\":\"pt-BR\",\"@id\":\"https:\/\/ecoilumi.com.br\/?product=luminaria-abajur-de-mesa-capadocia-mod-gota#primaryimage\",\"url\":\"https:\/\/ecoilumi.com.br\/wp-content\/uploads\/2022\/01\/Luminaria-Abajur-de-mesa-Capadocia-mod.-Gota-05.jpg\",\"contentUrl\":\"https:\/\/ecoilumi.com.br\/wp-content\/uploads\/2022\/01\/Luminaria-Abajur-de-mesa-Capadocia-mod.-Gota-05.jpg\",\"width\":1000,\"height\":1000},{\"@type\":\"WebPage\",\"@id\":\"https:\/\/ecoilumi.com.br\/?product=luminaria-abajur-de-mesa-capadocia-mod-gota#webpage\",\"url\":\"https:\/\/ecoilumi.com.br\/?product=luminaria-abajur-de-mesa-capadocia-mod-gota\",\"name\":\"Lumin\u00e1ria Abajur de mesa Capad\u00f3cia mod. Gota - ECOilumi\",\"isPartOf\":{\"@id\":\"https:\/\/ecoilumi.com.br\/#website\"},\"primaryImageOfPage\":{\"@id\":\"https:\/\/ecoilumi.com.br\/?product=luminaria-abajur-de-mesa-capadocia-mod-gota#primaryimage\"},\"datePublished\":\"2022-01-08T19:37:33+00:00\",\"dateModified\":\"2022-08-02T21:41:12+00:00\",\"breadcrumb\":{\"@id\":\"https:\/\/ecoilumi.com.br\/?product=luminaria-abajur-de-mesa-capadocia-mod-gota#breadcrumb\"},\"inLanguage\":\"pt-BR\",\"potentialAction\":[{\"@type\":\"ReadAction\",\"target\":[\"https:\/\/ecoilumi.com.br\/?product=luminaria-abajur-de-mesa-capadocia-mod-gota\"]}]},{\"@type\":\"BreadcrumbList\",\"@id\":\"https:\/\/ecoilumi.com.br\/?product=luminaria-abajur-de-mesa-capadocia-mod-gota#breadcrumb\",\"itemListElement\":[{\"@type\":\"ListItem\",\"position\":1,\"name\":\"In\u00edcio\",\"item\":\"https:\/\/ecoilumi.com.br\/\"},{\"@type\":\"ListItem\",\"position\":2,\"name\":\"Produtos\",\"item\":\"https:\/\/ecoilumi.com.br\/?page_id=53\"},{\"@type\":\"ListItem\",\"position\":3,\"name\":\"Lumin\u00e1ria Abajur de mesa Capad\u00f3cia mod. Gota\"}]}]}<\/script>\n<!-- \/ Yoast SEO plugin. -->","yoast_head_json":{"title":"Lumin\u00e1ria Abajur de mesa Capad\u00f3cia mod. Gota - ECOilumi","robots":{"index":"index","follow":"follow","max-snippet":"max-snippet:-1","max-image-preview":"max-image-preview:large","max-video-preview":"max-video-preview:-1"},"canonical":"https:\/\/ecoilumi.com.br\/?product=luminaria-abajur-de-mesa-capadocia-mod-gota","og_locale":"pt_BR","og_type":"article","og_title":"Lumin\u00e1ria Abajur de mesa Capad\u00f3cia mod. Gota - ECOilumi","og_description":"Essa linda e moderna lumin\u00e1ria de mesa \u00e9 ideal para deixar seu ambiente muito mais aconchegante. Por ser fornecido em acabamento natural, permite que seja pintado, envernizado ou personalizado, possibilitando que voc\u00ea possa adequar perfeitamente \u00e0 sua decora\u00e7\u00e3o. CARACTER\u00cdSTICAS: Material principal: MDF Cru 3mm Cor: Natural Voltagem: Bivolt Soquete: E27 Ambiente de Ilumina\u00e7\u00e3o: Interno Necessita&hellip;&nbsp;Continue a ler &raquo;Lumin\u00e1ria Abajur de mesa Capad\u00f3cia mod. Gota","og_url":"https:\/\/ecoilumi.com.br\/?product=luminaria-abajur-de-mesa-capadocia-mod-gota","og_site_name":"ECOilumi","article_modified_time":"2022-08-02T21:41:12+00:00","og_image":[{"width":1000,"height":1000,"url":"http:\/\/ecoilumi.com.br\/wp-content\/uploads\/2022\/01\/Luminaria-Abajur-de-mesa-Capadocia-mod.-Gota-05.jpg","type":"image\/jpeg"}],"twitter_card":"summary_large_image","schema":{"@context":"https:\/\/schema.org","@graph":[{"@type":"Organization","@id":"https:\/\/ecoilumi.com.br\/#organization","name":"ECOilumi","url":"https:\/\/ecoilumi.com.br\/","sameAs":[],"logo":{"@type":"ImageObject","inLanguage":"pt-BR","@id":"https:\/\/ecoilumi.com.br\/#\/schema\/logo\/image\/","url":"https:\/\/ecoilumi.com.br\/wp-content\/uploads\/2022\/01\/ECO-ilumi3.png","contentUrl":"https:\/\/ecoilumi.com.br\/wp-content\/uploads\/2022\/01\/ECO-ilumi3.png","width":1000,"height":500,"caption":"ECOilumi"},"image":{"@id":"https:\/\/ecoilumi.com.br\/#\/schema\/logo\/image\/"}},{"@type":"WebSite","@id":"https:\/\/ecoilumi.com.br\/#website","url":"https:\/\/ecoilumi.com.br\/","name":"ECOilumi","description":"Empresa do Grupo RELA","publisher":{"@id":"https:\/\/ecoilumi.com.br\/#organization"},"potentialAction":[{"@type":"SearchAction","target":{"@type":"EntryPoint","urlTemplate":"https:\/\/ecoilumi.com.br\/?s={search_term_string}"},"query-input":"required name=search_term_string"}],"inLanguage":"pt-BR"},{"@type":"ImageObject","inLanguage":"pt-BR","@id":"https:\/\/ecoilumi.com.br\/?product=luminaria-abajur-de-mesa-capadocia-mod-gota#primaryimage","url":"https:\/\/ecoilumi.com.br\/wp-content\/uploads\/2022\/01\/Luminaria-Abajur-de-mesa-Capadocia-mod.-Gota-05.jpg","contentUrl":"https:\/\/ecoilumi.com.br\/wp-content\/uploads\/2022\/01\/Luminaria-Abajur-de-mesa-Capadocia-mod.-Gota-05.jpg","width":1000,"height":1000},{"@type":"WebPage","@id":"https:\/\/ecoilumi.com.br\/?product=luminaria-abajur-de-mesa-capadocia-mod-gota#webpage","url":"https:\/\/ecoilumi.com.br\/?product=luminaria-abajur-de-mesa-capadocia-mod-gota","name":"Lumin\u00e1ria Abajur de mesa Capad\u00f3cia mod. Gota - ECOilumi","isPartOf":{"@id":"https:\/\/ecoilumi.com.br\/#website"},"primaryImageOfPage":{"@id":"https:\/\/ecoilumi.com.br\/?product=luminaria-abajur-de-mesa-capadocia-mod-gota#primaryimage"},"datePublished":"2022-01-08T19:37:33+00:00","dateModified":"2022-08-02T21:41:12+00:00","breadcrumb":{"@id":"https:\/\/ecoilumi.com.br\/?product=luminaria-abajur-de-mesa-capadocia-mod-gota#breadcrumb"},"inLanguage":"pt-BR","potentialAction":[{"@type":"ReadAction","target":["https:\/\/ecoilumi.com.br\/?product=luminaria-abajur-de-mesa-capadocia-mod-gota"]}]},{"@type":"BreadcrumbList","@id":"https:\/\/ecoilumi.com.br\/?product=luminaria-abajur-de-mesa-capadocia-mod-gota#breadcrumb","itemListElement":[{"@type":"ListItem","position":1,"name":"In\u00edcio","item":"https:\/\/ecoilumi.com.br\/"},{"@type":"ListItem","position":2,"name":"Produtos","item":"https:\/\/ecoilumi.com.br\/?page_id=53"},{"@type":"ListItem","position":3,"name":"Lumin\u00e1ria Abajur de mesa Capad\u00f3cia mod. Gota"}]}]}},"_links":{"self":[{"href":"https:\/\/ecoilumi.com.br\/index.php?rest_route=\/wp\/v2\/product\/478","targetHints":{"allow":["GET"]}}],"collection":[{"href":"https:\/\/ecoilumi.com.br\/index.php?rest_route=\/wp\/v2\/product"}],"about":[{"href":"https:\/\/ecoilumi.com.br\/index.php?rest_route=\/wp\/v2\/types\/product"}],"replies":[{"embeddable":true,"href":"https:\/\/ecoilumi.com.br\/index.php?rest_route=%2Fwp%2Fv2%2Fcomments&post=478"}],"wp:featuredmedia":[{"embeddable":true,"href":"https:\/\/ecoilumi.com.br\/index.php?rest_route=\/wp\/v2\/media\/480"}],"wp:attachment":[{"href":"https:\/\/ecoilumi.com.br\/index.php?rest_route=%2Fwp%2Fv2%2Fmedia&parent=478"}],"wp:term":[{"taxonomy":"product_cat","embeddable":true,"href":"https:\/\/ecoilumi.com.br\/index.php?rest_route=%2Fwp%2Fv2%2Fproduct_cat&post=478"},{"taxonomy":"product_tag","embeddable":true,"href":"https:\/\/ecoilumi.com.br\/index.php?rest_route=%2Fwp%2Fv2%2Fproduct_tag&post=478"}],"curies":[{"name":"wp","href":"https:\/\/api.w.org\/{rel}","templated":true}]}}