{"id":361,"date":"2022-01-07T18:55:56","date_gmt":"2022-01-07T21:55:56","guid":{"rendered":"https:\/\/ecoilumi.com.br\/?post_type=product&#038;p=361"},"modified":"2023-06-25T18:57:26","modified_gmt":"2023-06-25T21:57:26","slug":"https-ecoilumi-com-br-productlustre-luminaria-pendente-de-madeira-mdf-mod-china","status":"publish","type":"product","link":"https:\/\/ecoilumi.com.br\/?product=https-ecoilumi-com-br-productlustre-luminaria-pendente-de-madeira-mdf-mod-china","title":{"rendered":"Lustre Lumin\u00e1ria Pendente de Madeira MDF Mod. China"},"content":{"rendered":"<p>Adicione Estilo e Eleg\u00e2ncia \u00e0 Sua Casa.<\/p>\n<p>Voc\u00ea est\u00e1 em busca de uma maneira simples, por\u00e9m impactante, de transformar a atmosfera da sua casa com um toque de estilo e eleg\u00e2ncia? Apresentamos a voc\u00ea nosso Pendente de MDF, a solu\u00e7\u00e3o perfeita para adicionar estilo e eleg\u00e2ncia aos seus espa\u00e7os.<\/p>\n<p>Esse pendente combina design moderno, materiais de alta qualidade e a beleza natural da madeira.<\/p>\n<p>Cada pe\u00e7a \u00e9 cuidadosamente fabricada, resultando em um produto sofisticado e dur\u00e1vel, capaz de complementar diversos estilos de decora\u00e7\u00e3o.<\/p>\n<p>Caracter\u00edsticas do Pendente de MDF:<\/p>\n<ol>\n<li>Beleza Natural: A madeira MDF confere um toque \u00fanico e caloroso ao ambiente, proporcionando uma sensa\u00e7\u00e3o de aconchego e conforto.<\/li>\n<li>Design Moderno: Esse pendente foi projetado para se destacar. Suas formas contempor\u00e2neas e linhas elegantes adicionam um elemento visualmente atraente a qualquer espa\u00e7o.<\/li>\n<li>Ilumina\u00e7\u00e3o Aconchegante: Nosso pendente cria uma ilumina\u00e7\u00e3o suave e difusa, que contribui para uma atmosfera agrad\u00e1vel e relaxante em qualquer ambiente.<\/li>\n<li>Durabilidade: Fabricado com material de alta qualidade, nosso pendente \u00e9 resistente e feito para durar. Voc\u00ea poder\u00e1 desfrutar de sua beleza e funcionalidade por muitos anos.<\/li>\n<\/ol>\n<p>Seja para iluminar sua sala de estar, o seu quarto ou a sua cozinha, o Pendente de MDF \u00e9 a escolha perfeita. Ele trar\u00e1 um toque de sofistica\u00e7\u00e3o e personalidade aos seus espa\u00e7os, transformando-os em verdadeiros ambientes de revista.<\/p>\n<p>N\u00e3o perca a oportunidade de elevar o estilo da sua casa e sentir o poder da madeira em sua casa!<\/p>\n<p>CARACTER\u00cdSTICAS:<br \/>\nMaterial principal: MDF Cru 3mm<br \/>\nCor: Natural<br \/>\nVoltagem: Bivolt<br \/>\nSoquete: E27<br \/>\nAltura Regul\u00e1vel: Sim<br \/>\nAmbiente de Ilumina\u00e7\u00e3o: Interno<br \/>\nNecessita Montagem: N\u00e3o<br \/>\nQuantidade de l\u00e2mpadas: 1 (n\u00e3o inclusa)<br \/>\nDimens\u00f5es: Di\u00e2metro 43cm, comprimento 30cm<\/p>\n<p>A ECO ilumi \u00e9 uma empresa do Grupo RELA especializada na cria\u00e7\u00e3o de decora\u00e7\u00e3o em MDF.<\/p>\n","protected":false},"excerpt":{"rendered":"<p>Destaque-se com estilo e eleg\u00e2ncia com o nosso pendente de MDF!<\/p>\n<p>Feito com maestria, esse acess\u00f3rio \u00fanico oferece a combina\u00e7\u00e3o perfeita entre design moderno e funcionalidade. Seja para iluminar seu espa\u00e7o de trabalho, embelezar sua sala de estar ou adicionar um toque especial ao seu quarto, o pendente de MDF \u00e9 a escolha ideal.<\/p>\n<p>Sua constru\u00e7\u00e3o dur\u00e1vel garante uma longa vida \u00fatil, enquanto o acabamento impec\u00e1vel e as formas contempor\u00e2neas proporcionam um visual sofisticado.<\/p>\n<p>Adicione um toque de charme e personalidade ao seu ambiente com o nosso pendente de MDF &#8211; a pe\u00e7a que transformar\u00e1 sua decora\u00e7\u00e3o em algo extraordin\u00e1rio.<\/p>\n","protected":false},"featured_media":364,"comment_status":"open","ping_status":"closed","template":"","meta":{"neve_meta_sidebar":"","neve_meta_container":"","neve_meta_enable_content_width":"off","neve_meta_content_width":100,"neve_meta_title_alignment":"","neve_meta_author_avatar":"","neve_post_elements_order":"","neve_meta_disable_header":"","neve_meta_disable_footer":"","neve_meta_disable_title":"","_themeisle_gutenberg_block_has_review":false,"_ti_tpc_template_sync":false,"_ti_tpc_template_id":"","spay_email":""},"product_cat":[23],"product_tag":[],"class_list":{"0":"post-361","1":"product","2":"type-product","3":"status-publish","4":"has-post-thumbnail","6":"product_cat-lustres-e-pendentes","8":"first","9":"instock","10":"shipping-taxable","11":"purchasable","12":"product-type-simple"},"yoast_head":"<!-- This site is optimized with the Yoast SEO plugin v19.0 - https:\/\/yoast.com\/wordpress\/plugins\/seo\/ -->\n<title>Lustre Lumin\u00e1ria Pendente de Madeira MDF Mod. China - ECOilumi<\/title>\n<meta name=\"description\" content=\"&quot;Destaque-se com estilo e eleg\u00e2ncia com o nosso pendente de MDF! Feito com maestria, esse acess\u00f3rio \u00fanico oferece a combina\u00e7\u00e3o perfeita entre design moderno e funcionalidade. Seja para iluminar seu espa\u00e7o de trabalho, embelezar sua sala de estar ou adicionar um toque especial ao seu quarto, o pendente de MDF \u00e9 a escolha ideal. Sua constru\u00e7\u00e3o dur\u00e1vel garante uma longa vida \u00fatil, enquanto o acabamento impec\u00e1vel e as formas contempor\u00e2neas proporcionam um visual sofisticado. Adicione um toque de charme e personalidade ao seu ambiente com o nosso pendente de MDF - a pe\u00e7a que transformar\u00e1 sua decora\u00e7\u00e3o em algo extraordin\u00e1rio.&quot;\" \/>\n<meta name=\"robots\" content=\"index, follow, max-snippet:-1, max-image-preview:large, max-video-preview:-1\" \/>\n<link rel=\"canonical\" href=\"https:\/\/ecoilumi.com.br\/?product=https-ecoilumi-com-br-productlustre-luminaria-pendente-de-madeira-mdf-mod-china\" \/>\n<meta property=\"og:locale\" content=\"pt_BR\" \/>\n<meta property=\"og:type\" content=\"article\" \/>\n<meta property=\"og:title\" content=\"Lustre Lumin\u00e1ria Pendente de Madeira MDF Mod. China - ECOilumi\" \/>\n<meta property=\"og:description\" content=\"&quot;Destaque-se com estilo e eleg\u00e2ncia com o nosso pendente de MDF! Feito com maestria, esse acess\u00f3rio \u00fanico oferece a combina\u00e7\u00e3o perfeita entre design moderno e funcionalidade. Seja para iluminar seu espa\u00e7o de trabalho, embelezar sua sala de estar ou adicionar um toque especial ao seu quarto, o pendente de MDF \u00e9 a escolha ideal. Sua constru\u00e7\u00e3o dur\u00e1vel garante uma longa vida \u00fatil, enquanto o acabamento impec\u00e1vel e as formas contempor\u00e2neas proporcionam um visual sofisticado. Adicione um toque de charme e personalidade ao seu ambiente com o nosso pendente de MDF - a pe\u00e7a que transformar\u00e1 sua decora\u00e7\u00e3o em algo extraordin\u00e1rio.&quot;\" \/>\n<meta property=\"og:url\" content=\"https:\/\/ecoilumi.com.br\/?product=https-ecoilumi-com-br-productlustre-luminaria-pendente-de-madeira-mdf-mod-china\" \/>\n<meta property=\"og:site_name\" content=\"ECOilumi\" \/>\n<meta property=\"article:modified_time\" content=\"2023-06-25T21:57:26+00:00\" \/>\n<meta property=\"og:image\" content=\"http:\/\/ecoilumi.com.br\/wp-content\/uploads\/2022\/01\/Lustre-Ilumi-China-03.jpg\" \/>\n\t<meta property=\"og:image:width\" content=\"1500\" \/>\n\t<meta property=\"og:image:height\" content=\"1500\" \/>\n\t<meta property=\"og:image:type\" content=\"image\/jpeg\" \/>\n<meta name=\"twitter:card\" content=\"summary_large_image\" \/>\n<meta name=\"twitter:label1\" content=\"Est. tempo de leitura\" \/>\n\t<meta name=\"twitter:data1\" content=\"2 minutos\" \/>\n<script type=\"application\/ld+json\" class=\"yoast-schema-graph\">{\"@context\":\"https:\/\/schema.org\",\"@graph\":[{\"@type\":\"Organization\",\"@id\":\"https:\/\/ecoilumi.com.br\/#organization\",\"name\":\"ECOilumi\",\"url\":\"https:\/\/ecoilumi.com.br\/\",\"sameAs\":[],\"logo\":{\"@type\":\"ImageObject\",\"inLanguage\":\"pt-BR\",\"@id\":\"https:\/\/ecoilumi.com.br\/#\/schema\/logo\/image\/\",\"url\":\"https:\/\/ecoilumi.com.br\/wp-content\/uploads\/2022\/01\/ECO-ilumi3.png\",\"contentUrl\":\"https:\/\/ecoilumi.com.br\/wp-content\/uploads\/2022\/01\/ECO-ilumi3.png\",\"width\":1000,\"height\":500,\"caption\":\"ECOilumi\"},\"image\":{\"@id\":\"https:\/\/ecoilumi.com.br\/#\/schema\/logo\/image\/\"}},{\"@type\":\"WebSite\",\"@id\":\"https:\/\/ecoilumi.com.br\/#website\",\"url\":\"https:\/\/ecoilumi.com.br\/\",\"name\":\"ECOilumi\",\"description\":\"Empresa do Grupo RELA\",\"publisher\":{\"@id\":\"https:\/\/ecoilumi.com.br\/#organization\"},\"potentialAction\":[{\"@type\":\"SearchAction\",\"target\":{\"@type\":\"EntryPoint\",\"urlTemplate\":\"https:\/\/ecoilumi.com.br\/?s={search_term_string}\"},\"query-input\":\"required name=search_term_string\"}],\"inLanguage\":\"pt-BR\"},{\"@type\":\"ImageObject\",\"inLanguage\":\"pt-BR\",\"@id\":\"https:\/\/ecoilumi.com.br\/?product=https-ecoilumi-com-br-productlustre-luminaria-pendente-de-madeira-mdf-mod-china#primaryimage\",\"url\":\"https:\/\/ecoilumi.com.br\/wp-content\/uploads\/2022\/01\/Lustre-Ilumi-China-03.jpg\",\"contentUrl\":\"https:\/\/ecoilumi.com.br\/wp-content\/uploads\/2022\/01\/Lustre-Ilumi-China-03.jpg\",\"width\":1500,\"height\":1500},{\"@type\":\"WebPage\",\"@id\":\"https:\/\/ecoilumi.com.br\/?product=https-ecoilumi-com-br-productlustre-luminaria-pendente-de-madeira-mdf-mod-china#webpage\",\"url\":\"https:\/\/ecoilumi.com.br\/?product=https-ecoilumi-com-br-productlustre-luminaria-pendente-de-madeira-mdf-mod-china\",\"name\":\"Lustre Lumin\u00e1ria Pendente de Madeira MDF Mod. China - ECOilumi\",\"isPartOf\":{\"@id\":\"https:\/\/ecoilumi.com.br\/#website\"},\"primaryImageOfPage\":{\"@id\":\"https:\/\/ecoilumi.com.br\/?product=https-ecoilumi-com-br-productlustre-luminaria-pendente-de-madeira-mdf-mod-china#primaryimage\"},\"datePublished\":\"2022-01-07T21:55:56+00:00\",\"dateModified\":\"2023-06-25T21:57:26+00:00\",\"description\":\"\\\"Destaque-se com estilo e eleg\u00e2ncia com o nosso pendente de MDF! Feito com maestria, esse acess\u00f3rio \u00fanico oferece a combina\u00e7\u00e3o perfeita entre design moderno e funcionalidade. Seja para iluminar seu espa\u00e7o de trabalho, embelezar sua sala de estar ou adicionar um toque especial ao seu quarto, o pendente de MDF \u00e9 a escolha ideal. Sua constru\u00e7\u00e3o dur\u00e1vel garante uma longa vida \u00fatil, enquanto o acabamento impec\u00e1vel e as formas contempor\u00e2neas proporcionam um visual sofisticado. Adicione um toque de charme e personalidade ao seu ambiente com o nosso pendente de MDF - a pe\u00e7a que transformar\u00e1 sua decora\u00e7\u00e3o em algo extraordin\u00e1rio.\\\"\",\"breadcrumb\":{\"@id\":\"https:\/\/ecoilumi.com.br\/?product=https-ecoilumi-com-br-productlustre-luminaria-pendente-de-madeira-mdf-mod-china#breadcrumb\"},\"inLanguage\":\"pt-BR\",\"potentialAction\":[{\"@type\":\"ReadAction\",\"target\":[\"https:\/\/ecoilumi.com.br\/?product=https-ecoilumi-com-br-productlustre-luminaria-pendente-de-madeira-mdf-mod-china\"]}]},{\"@type\":\"BreadcrumbList\",\"@id\":\"https:\/\/ecoilumi.com.br\/?product=https-ecoilumi-com-br-productlustre-luminaria-pendente-de-madeira-mdf-mod-china#breadcrumb\",\"itemListElement\":[{\"@type\":\"ListItem\",\"position\":1,\"name\":\"In\u00edcio\",\"item\":\"https:\/\/ecoilumi.com.br\/\"},{\"@type\":\"ListItem\",\"position\":2,\"name\":\"Produtos\",\"item\":\"https:\/\/ecoilumi.com.br\/?page_id=53\"},{\"@type\":\"ListItem\",\"position\":3,\"name\":\"Lustre Lumin\u00e1ria Pendente de Madeira MDF Mod. China\"}]}]}<\/script>\n<!-- \/ Yoast SEO plugin. -->","yoast_head_json":{"title":"Lustre Lumin\u00e1ria Pendente de Madeira MDF Mod. China - ECOilumi","description":"\"Destaque-se com estilo e eleg\u00e2ncia com o nosso pendente de MDF! Feito com maestria, esse acess\u00f3rio \u00fanico oferece a combina\u00e7\u00e3o perfeita entre design moderno e funcionalidade. Seja para iluminar seu espa\u00e7o de trabalho, embelezar sua sala de estar ou adicionar um toque especial ao seu quarto, o pendente de MDF \u00e9 a escolha ideal. Sua constru\u00e7\u00e3o dur\u00e1vel garante uma longa vida \u00fatil, enquanto o acabamento impec\u00e1vel e as formas contempor\u00e2neas proporcionam um visual sofisticado. Adicione um toque de charme e personalidade ao seu ambiente com o nosso pendente de MDF - a pe\u00e7a que transformar\u00e1 sua decora\u00e7\u00e3o em algo extraordin\u00e1rio.\"","robots":{"index":"index","follow":"follow","max-snippet":"max-snippet:-1","max-image-preview":"max-image-preview:large","max-video-preview":"max-video-preview:-1"},"canonical":"https:\/\/ecoilumi.com.br\/?product=https-ecoilumi-com-br-productlustre-luminaria-pendente-de-madeira-mdf-mod-china","og_locale":"pt_BR","og_type":"article","og_title":"Lustre Lumin\u00e1ria Pendente de Madeira MDF Mod. China - ECOilumi","og_description":"\"Destaque-se com estilo e eleg\u00e2ncia com o nosso pendente de MDF! Feito com maestria, esse acess\u00f3rio \u00fanico oferece a combina\u00e7\u00e3o perfeita entre design moderno e funcionalidade. Seja para iluminar seu espa\u00e7o de trabalho, embelezar sua sala de estar ou adicionar um toque especial ao seu quarto, o pendente de MDF \u00e9 a escolha ideal. Sua constru\u00e7\u00e3o dur\u00e1vel garante uma longa vida \u00fatil, enquanto o acabamento impec\u00e1vel e as formas contempor\u00e2neas proporcionam um visual sofisticado. Adicione um toque de charme e personalidade ao seu ambiente com o nosso pendente de MDF - a pe\u00e7a que transformar\u00e1 sua decora\u00e7\u00e3o em algo extraordin\u00e1rio.\"","og_url":"https:\/\/ecoilumi.com.br\/?product=https-ecoilumi-com-br-productlustre-luminaria-pendente-de-madeira-mdf-mod-china","og_site_name":"ECOilumi","article_modified_time":"2023-06-25T21:57:26+00:00","og_image":[{"width":1500,"height":1500,"url":"http:\/\/ecoilumi.com.br\/wp-content\/uploads\/2022\/01\/Lustre-Ilumi-China-03.jpg","type":"image\/jpeg"}],"twitter_card":"summary_large_image","twitter_misc":{"Est. tempo de leitura":"2 minutos"},"schema":{"@context":"https:\/\/schema.org","@graph":[{"@type":"Organization","@id":"https:\/\/ecoilumi.com.br\/#organization","name":"ECOilumi","url":"https:\/\/ecoilumi.com.br\/","sameAs":[],"logo":{"@type":"ImageObject","inLanguage":"pt-BR","@id":"https:\/\/ecoilumi.com.br\/#\/schema\/logo\/image\/","url":"https:\/\/ecoilumi.com.br\/wp-content\/uploads\/2022\/01\/ECO-ilumi3.png","contentUrl":"https:\/\/ecoilumi.com.br\/wp-content\/uploads\/2022\/01\/ECO-ilumi3.png","width":1000,"height":500,"caption":"ECOilumi"},"image":{"@id":"https:\/\/ecoilumi.com.br\/#\/schema\/logo\/image\/"}},{"@type":"WebSite","@id":"https:\/\/ecoilumi.com.br\/#website","url":"https:\/\/ecoilumi.com.br\/","name":"ECOilumi","description":"Empresa do Grupo RELA","publisher":{"@id":"https:\/\/ecoilumi.com.br\/#organization"},"potentialAction":[{"@type":"SearchAction","target":{"@type":"EntryPoint","urlTemplate":"https:\/\/ecoilumi.com.br\/?s={search_term_string}"},"query-input":"required name=search_term_string"}],"inLanguage":"pt-BR"},{"@type":"ImageObject","inLanguage":"pt-BR","@id":"https:\/\/ecoilumi.com.br\/?product=https-ecoilumi-com-br-productlustre-luminaria-pendente-de-madeira-mdf-mod-china#primaryimage","url":"https:\/\/ecoilumi.com.br\/wp-content\/uploads\/2022\/01\/Lustre-Ilumi-China-03.jpg","contentUrl":"https:\/\/ecoilumi.com.br\/wp-content\/uploads\/2022\/01\/Lustre-Ilumi-China-03.jpg","width":1500,"height":1500},{"@type":"WebPage","@id":"https:\/\/ecoilumi.com.br\/?product=https-ecoilumi-com-br-productlustre-luminaria-pendente-de-madeira-mdf-mod-china#webpage","url":"https:\/\/ecoilumi.com.br\/?product=https-ecoilumi-com-br-productlustre-luminaria-pendente-de-madeira-mdf-mod-china","name":"Lustre Lumin\u00e1ria Pendente de Madeira MDF Mod. China - ECOilumi","isPartOf":{"@id":"https:\/\/ecoilumi.com.br\/#website"},"primaryImageOfPage":{"@id":"https:\/\/ecoilumi.com.br\/?product=https-ecoilumi-com-br-productlustre-luminaria-pendente-de-madeira-mdf-mod-china#primaryimage"},"datePublished":"2022-01-07T21:55:56+00:00","dateModified":"2023-06-25T21:57:26+00:00","description":"\"Destaque-se com estilo e eleg\u00e2ncia com o nosso pendente de MDF! Feito com maestria, esse acess\u00f3rio \u00fanico oferece a combina\u00e7\u00e3o perfeita entre design moderno e funcionalidade. Seja para iluminar seu espa\u00e7o de trabalho, embelezar sua sala de estar ou adicionar um toque especial ao seu quarto, o pendente de MDF \u00e9 a escolha ideal. Sua constru\u00e7\u00e3o dur\u00e1vel garante uma longa vida \u00fatil, enquanto o acabamento impec\u00e1vel e as formas contempor\u00e2neas proporcionam um visual sofisticado. Adicione um toque de charme e personalidade ao seu ambiente com o nosso pendente de MDF - a pe\u00e7a que transformar\u00e1 sua decora\u00e7\u00e3o em algo extraordin\u00e1rio.\"","breadcrumb":{"@id":"https:\/\/ecoilumi.com.br\/?product=https-ecoilumi-com-br-productlustre-luminaria-pendente-de-madeira-mdf-mod-china#breadcrumb"},"inLanguage":"pt-BR","potentialAction":[{"@type":"ReadAction","target":["https:\/\/ecoilumi.com.br\/?product=https-ecoilumi-com-br-productlustre-luminaria-pendente-de-madeira-mdf-mod-china"]}]},{"@type":"BreadcrumbList","@id":"https:\/\/ecoilumi.com.br\/?product=https-ecoilumi-com-br-productlustre-luminaria-pendente-de-madeira-mdf-mod-china#breadcrumb","itemListElement":[{"@type":"ListItem","position":1,"name":"In\u00edcio","item":"https:\/\/ecoilumi.com.br\/"},{"@type":"ListItem","position":2,"name":"Produtos","item":"https:\/\/ecoilumi.com.br\/?page_id=53"},{"@type":"ListItem","position":3,"name":"Lustre Lumin\u00e1ria Pendente de Madeira MDF Mod. China"}]}]}},"_links":{"self":[{"href":"https:\/\/ecoilumi.com.br\/index.php?rest_route=\/wp\/v2\/product\/361","targetHints":{"allow":["GET"]}}],"collection":[{"href":"https:\/\/ecoilumi.com.br\/index.php?rest_route=\/wp\/v2\/product"}],"about":[{"href":"https:\/\/ecoilumi.com.br\/index.php?rest_route=\/wp\/v2\/types\/product"}],"replies":[{"embeddable":true,"href":"https:\/\/ecoilumi.com.br\/index.php?rest_route=%2Fwp%2Fv2%2Fcomments&post=361"}],"wp:featuredmedia":[{"embeddable":true,"href":"https:\/\/ecoilumi.com.br\/index.php?rest_route=\/wp\/v2\/media\/364"}],"wp:attachment":[{"href":"https:\/\/ecoilumi.com.br\/index.php?rest_route=%2Fwp%2Fv2%2Fmedia&parent=361"}],"wp:term":[{"taxonomy":"product_cat","embeddable":true,"href":"https:\/\/ecoilumi.com.br\/index.php?rest_route=%2Fwp%2Fv2%2Fproduct_cat&post=361"},{"taxonomy":"product_tag","embeddable":true,"href":"https:\/\/ecoilumi.com.br\/index.php?rest_route=%2Fwp%2Fv2%2Fproduct_tag&post=361"}],"curies":[{"name":"wp","href":"https:\/\/api.w.org\/{rel}","templated":true}]}}