{"id":326,"date":"2020-09-09T17:55:08","date_gmt":"2020-09-09T17:55:08","guid":{"rendered":"https:\/\/demosites.io\/shop-gb\/?page_id=265"},"modified":"2022-01-09T12:43:06","modified_gmt":"2022-01-09T15:43:06","slug":"52e3e-home","status":"publish","type":"page","link":"https:\/\/ecoilumi.com.br\/","title":{"rendered":"Home"},"content":{"rendered":"\n<div class=\"wp-block-jetpack-slideshow aligncenter\" data-autoplay=\"true\" data-delay=\"3\" data-effect=\"slide\"><div class=\"wp-block-jetpack-slideshow_container swiper-container\"><ul class=\"wp-block-jetpack-slideshow_swiper-wrapper swiper-wrapper\"><li class=\"wp-block-jetpack-slideshow_slide swiper-slide\"><figure><img loading=\"lazy\" decoding=\"async\" width=\"1900\" height=\"700\" alt=\"\" class=\"wp-block-jetpack-slideshow_image wp-image-667\" data-id=\"667\" src=\"https:\/\/ecoilumi.com.br\/wp-content\/uploads\/2022\/01\/Banner-01-1-SITE-NOVO-2.jpg\" srcset=\"https:\/\/ecoilumi.com.br\/wp-content\/uploads\/2022\/01\/Banner-01-1-SITE-NOVO-2.jpg 1900w, https:\/\/ecoilumi.com.br\/wp-content\/uploads\/2022\/01\/Banner-01-1-SITE-NOVO-2-300x111.jpg 300w, https:\/\/ecoilumi.com.br\/wp-content\/uploads\/2022\/01\/Banner-01-1-SITE-NOVO-2-1024x377.jpg 1024w, https:\/\/ecoilumi.com.br\/wp-content\/uploads\/2022\/01\/Banner-01-1-SITE-NOVO-2-768x283.jpg 768w, https:\/\/ecoilumi.com.br\/wp-content\/uploads\/2022\/01\/Banner-01-1-SITE-NOVO-2-1536x566.jpg 1536w, https:\/\/ecoilumi.com.br\/wp-content\/uploads\/2022\/01\/Banner-01-1-SITE-NOVO-2-600x221.jpg 600w\" sizes=\"auto, (max-width: 1900px) 100vw, 1900px\" \/><\/figure><\/li><li class=\"wp-block-jetpack-slideshow_slide swiper-slide\"><figure><img loading=\"lazy\" decoding=\"async\" width=\"1900\" height=\"700\" alt=\"\" class=\"wp-block-jetpack-slideshow_image wp-image-668\" data-id=\"668\" src=\"https:\/\/ecoilumi.com.br\/wp-content\/uploads\/2022\/01\/Banner-02-2-SITE-NOVO-2.jpg\" srcset=\"https:\/\/ecoilumi.com.br\/wp-content\/uploads\/2022\/01\/Banner-02-2-SITE-NOVO-2.jpg 1900w, https:\/\/ecoilumi.com.br\/wp-content\/uploads\/2022\/01\/Banner-02-2-SITE-NOVO-2-300x111.jpg 300w, https:\/\/ecoilumi.com.br\/wp-content\/uploads\/2022\/01\/Banner-02-2-SITE-NOVO-2-1024x377.jpg 1024w, https:\/\/ecoilumi.com.br\/wp-content\/uploads\/2022\/01\/Banner-02-2-SITE-NOVO-2-768x283.jpg 768w, https:\/\/ecoilumi.com.br\/wp-content\/uploads\/2022\/01\/Banner-02-2-SITE-NOVO-2-1536x566.jpg 1536w, https:\/\/ecoilumi.com.br\/wp-content\/uploads\/2022\/01\/Banner-02-2-SITE-NOVO-2-600x221.jpg 600w\" sizes=\"auto, (max-width: 1900px) 100vw, 1900px\" \/><\/figure><\/li><li class=\"wp-block-jetpack-slideshow_slide swiper-slide\"><figure><img loading=\"lazy\" decoding=\"async\" width=\"1900\" height=\"700\" alt=\"\" class=\"wp-block-jetpack-slideshow_image wp-image-669\" data-id=\"669\" src=\"https:\/\/ecoilumi.com.br\/wp-content\/uploads\/2022\/01\/Banner-03-2-SITE-NOVO-1.jpg\" srcset=\"https:\/\/ecoilumi.com.br\/wp-content\/uploads\/2022\/01\/Banner-03-2-SITE-NOVO-1.jpg 1900w, https:\/\/ecoilumi.com.br\/wp-content\/uploads\/2022\/01\/Banner-03-2-SITE-NOVO-1-300x111.jpg 300w, https:\/\/ecoilumi.com.br\/wp-content\/uploads\/2022\/01\/Banner-03-2-SITE-NOVO-1-1024x377.jpg 1024w, https:\/\/ecoilumi.com.br\/wp-content\/uploads\/2022\/01\/Banner-03-2-SITE-NOVO-1-768x283.jpg 768w, https:\/\/ecoilumi.com.br\/wp-content\/uploads\/2022\/01\/Banner-03-2-SITE-NOVO-1-1536x566.jpg 1536w, https:\/\/ecoilumi.com.br\/wp-content\/uploads\/2022\/01\/Banner-03-2-SITE-NOVO-1-600x221.jpg 600w\" sizes=\"auto, (max-width: 1900px) 100vw, 1900px\" \/><\/figure><\/li><\/ul><a class=\"wp-block-jetpack-slideshow_button-prev swiper-button-prev swiper-button-white\" role=\"button\"><\/a><a class=\"wp-block-jetpack-slideshow_button-next swiper-button-next swiper-button-white\" role=\"button\"><\/a><a aria-label=\"Pause Slideshow\" class=\"wp-block-jetpack-slideshow_button-pause\" role=\"button\"><\/a><div class=\"wp-block-jetpack-slideshow_pagination swiper-pagination swiper-pagination-white\"><\/div><\/div><\/div>\n\n\n\n<div class=\"wp-block-themeisle-blocks-advanced-columns alignfull has-1-columns has-desktop-equal-layout has-tablet-equal-layout has-mobile-equal-layout has-nogap-gap has-vertical-unset\" id=\"wp-block-themeisle-blocks-advanced-columns-57bfef66\"><div class=\"wp-block-themeisle-blocks-advanced-columns-overlay\"><\/div><div class=\"innerblocks-wrap\">\n<div class=\"wp-block-themeisle-blocks-advanced-column\" id=\"wp-block-themeisle-blocks-advanced-column-88849554\">\n<h2 class=\"has-text-align-center wp-block-heading\">Responsabilidade ambiental<\/h2>\n\n\n\n<p class=\"has-text-align-center\"><\/p>\n\n\n\n<div class=\"wp-block-themeisle-blocks-advanced-columns has-3-columns has-desktop-equal-layout has-tablet-equal-layout has-mobile-collapsedRows-layout has-nogap-gap has-vertical-unset\" id=\"wp-block-themeisle-blocks-advanced-columns-f4d5db45\"><div class=\"wp-block-themeisle-blocks-advanced-columns-overlay\"><\/div><div class=\"innerblocks-wrap\">\n<div class=\"wp-block-themeisle-blocks-advanced-column\" id=\"wp-block-themeisle-blocks-advanced-column-abaf1f32\">\n<div class=\"wp-block-themeisle-blocks-service\">\n<p class=\"wp-block-themeisle-blocks-font-awesome-icons\" id=\"wp-block-themeisle-blocks-font-awesome-icons-83293f68\"><span class=\"wp-block-themeisle-blocks-font-awesome-icons-container\"><i class=\"fas fa-tree\"><\/i><\/span><\/p>\n\n\n\n<h3 class=\"has-text-align-center wp-block-heading\">sustentabilidade<\/h3>\n\n\n\n<p class=\"has-text-align-center has-neve-text-color-color has-text-color\">Nossas lumin\u00e1rias e pendentes, em sua maioria, s\u00e3o produzidas em MDF, material ecologicamente correto por utilizar exclusivamente fibras de madeira de reflorestamento como mat\u00e9ria-prima, evitando, assim, o desmatamento e uso indiscriminado de \u00e1rvores nativas<\/p>\n<\/div>\n<\/div>\n\n\n\n<div class=\"wp-block-themeisle-blocks-advanced-column\" id=\"wp-block-themeisle-blocks-advanced-column-2670760a\">\n<div class=\"wp-block-themeisle-blocks-service\">\n<p class=\"wp-block-themeisle-blocks-font-awesome-icons\" id=\"wp-block-themeisle-blocks-font-awesome-icons-48f0c34c\"><span class=\"wp-block-themeisle-blocks-font-awesome-icons-container\"><i class=\"fas fa-truck\"><\/i><\/span><\/p>\n\n\n\n<h3 class=\"has-text-align-center wp-block-heading\">ENVIO EM 1 DIA \u00daTIL<\/h3>\n\n\n\n<p class=\"has-text-align-center has-neve-text-color-color has-text-color\">Para garantir a voc\u00ea mais praticidade e conforto nas compras, nossos produtos s\u00e3o enviados em at\u00e9 1 dia \u00fatil por meio dos Correios&nbsp;em todo Brasil, pelos sistemas Sedex e PAC (tradicional, sem urg\u00eancia).<\/p>\n<\/div>\n<\/div>\n\n\n\n<div class=\"wp-block-themeisle-blocks-advanced-column\" id=\"wp-block-themeisle-blocks-advanced-column-4f9991e5\">\n<div class=\"wp-block-themeisle-blocks-service\">\n<p class=\"wp-block-themeisle-blocks-font-awesome-icons\" id=\"wp-block-themeisle-blocks-font-awesome-icons-8351db79\"><span class=\"wp-block-themeisle-blocks-font-awesome-icons-container\"><i class=\"fas fa-lightbulb\"><\/i><\/span><\/p>\n\n\n\n<h3 class=\"has-text-align-center wp-block-heading\">qualidade e conforto<\/h3>\n\n\n\n<p class=\"has-text-align-center\">A ilumina\u00e7\u00e3o decorativa tem a finalidade de deixar seu ambiente mais aconchegante, melhorar seu estado de esp\u00edrito e melhorar a qualidade dos seus momentos de laser.<\/p>\n<\/div>\n<\/div>\n<\/div><\/div>\n<\/div>\n<\/div><\/div>\n\n\n\n<h2 class=\"has-text-align-center wp-block-heading\"><\/h2>\n\n\n\n<div class=\"wp-block-group\"><div class=\"wp-block-group__inner-container is-layout-flow wp-block-group-is-layout-flow\"><\/div><\/div>\n\n\n\n<div class=\"wp-block-themeisle-blocks-advanced-columns alignfull has-1-columns has-desktop-equal-layout has-tablet-equal-layout has-mobile-equal-layout has-wider-gap has-vertical-unset\" id=\"wp-block-themeisle-blocks-advanced-columns-6bcc058e\"><div class=\"wp-block-themeisle-blocks-advanced-columns-overlay\"><\/div><div class=\"innerblocks-wrap\">\n<div class=\"wp-block-themeisle-blocks-advanced-column\" id=\"wp-block-themeisle-blocks-advanced-column-3ab15458\">\n<h2 id=\"wp-block-themeisle-blocks-advanced-heading-1abee35a\" class=\"wp-block-themeisle-blocks-advanced-heading wp-block-themeisle-blocks-advanced-heading-1abee35a\"><strong>CATEGORIAS<\/strong><\/h2>\n\n\n\n<div id=\"wp-block-themeisle-blocks-advanced-heading-53e2a94e\" class=\"wp-block-themeisle-blocks-advanced-heading wp-block-themeisle-blocks-advanced-heading-53e2a94e\"><em><em>Conhe\u00e7a nossas categorias<\/em><\/em><\/div>\n\n\n\n<div class=\"wp-block-themeisle-blocks-advanced-columns has-3-columns has-desktop-equal-layout has-tablet-equal-layout has-mobile-collapsedRows-layout has-nogap-gap has-vertical-unset\" id=\"wp-block-themeisle-blocks-advanced-columns-dbaf3a67\"><div class=\"wp-block-themeisle-blocks-advanced-columns-overlay\"><\/div><div class=\"innerblocks-wrap\">\n<div class=\"wp-block-themeisle-blocks-advanced-column\" id=\"wp-block-themeisle-blocks-advanced-column-205a6d4b\">\n<div class=\"wp-block-image\"><figure class=\"aligncenter size-full\"><a href=\"https:\/\/ecoilumi.com.br\/?product_cat=lustres-e-pendentes\"><img loading=\"lazy\" decoding=\"async\" width=\"600\" height=\"600\" src=\"http:\/\/ecoilumi.com.br\/wp-content\/uploads\/2022\/01\/Cat-Pende-4.jpg\" alt=\"\" class=\"wp-image-656\" srcset=\"https:\/\/ecoilumi.com.br\/wp-content\/uploads\/2022\/01\/Cat-Pende-4.jpg 600w, https:\/\/ecoilumi.com.br\/wp-content\/uploads\/2022\/01\/Cat-Pende-4-300x300.jpg 300w, https:\/\/ecoilumi.com.br\/wp-content\/uploads\/2022\/01\/Cat-Pende-4-150x150.jpg 150w, https:\/\/ecoilumi.com.br\/wp-content\/uploads\/2022\/01\/Cat-Pende-4-100x100.jpg 100w\" sizes=\"auto, (max-width: 600px) 100vw, 600px\" \/><\/a><\/figure><\/div>\n\n\n\n<p class=\"has-text-align-center has-neve-link-hover-color-color has-text-color\" style=\"font-size:11px\"><\/p>\n<\/div>\n\n\n\n<div class=\"wp-block-themeisle-blocks-advanced-column\" id=\"wp-block-themeisle-blocks-advanced-column-088fe555\">\n<figure class=\"wp-block-image size-full\"><a href=\"https:\/\/ecoilumi.com.br\/?product_cat=luminarias-de-mesa\"><img loading=\"lazy\" decoding=\"async\" width=\"600\" height=\"600\" src=\"http:\/\/ecoilumi.com.br\/wp-content\/uploads\/2022\/01\/Cat-Mesa-3.jpg\" alt=\"\" class=\"wp-image-655\" srcset=\"https:\/\/ecoilumi.com.br\/wp-content\/uploads\/2022\/01\/Cat-Mesa-3.jpg 600w, https:\/\/ecoilumi.com.br\/wp-content\/uploads\/2022\/01\/Cat-Mesa-3-300x300.jpg 300w, https:\/\/ecoilumi.com.br\/wp-content\/uploads\/2022\/01\/Cat-Mesa-3-150x150.jpg 150w, https:\/\/ecoilumi.com.br\/wp-content\/uploads\/2022\/01\/Cat-Mesa-3-100x100.jpg 100w\" sizes=\"auto, (max-width: 600px) 100vw, 600px\" \/><\/a><\/figure>\n\n\n\n<p id=\"wp-block-themeisle-blocks-advanced-heading-dc433947\" class=\"wp-block-themeisle-blocks-advanced-heading wp-block-themeisle-blocks-advanced-heading-dc433947\"><\/p>\n\n\n\n<p class=\"has-text-align-center has-neve-link-hover-color-color has-text-color\" style=\"font-size:11px\"><\/p>\n<\/div>\n\n\n\n<div class=\"wp-block-themeisle-blocks-advanced-column\" id=\"wp-block-themeisle-blocks-advanced-column-e09c3d39\">\n<figure class=\"wp-block-image size-full\"><a href=\"https:\/\/ecoilumi.com.br\/?product_cat=luminarias-de-chao\"><img loading=\"lazy\" decoding=\"async\" width=\"600\" height=\"600\" src=\"http:\/\/ecoilumi.com.br\/wp-content\/uploads\/2022\/01\/Cat-Chao-3.jpg\" alt=\"\" class=\"wp-image-654\" srcset=\"https:\/\/ecoilumi.com.br\/wp-content\/uploads\/2022\/01\/Cat-Chao-3.jpg 600w, https:\/\/ecoilumi.com.br\/wp-content\/uploads\/2022\/01\/Cat-Chao-3-300x300.jpg 300w, https:\/\/ecoilumi.com.br\/wp-content\/uploads\/2022\/01\/Cat-Chao-3-150x150.jpg 150w, https:\/\/ecoilumi.com.br\/wp-content\/uploads\/2022\/01\/Cat-Chao-3-100x100.jpg 100w\" sizes=\"auto, (max-width: 600px) 100vw, 600px\" \/><\/a><\/figure>\n\n\n\n<p id=\"wp-block-themeisle-blocks-advanced-heading-3258b344\" class=\"wp-block-themeisle-blocks-advanced-heading wp-block-themeisle-blocks-advanced-heading-3258b344\"><\/p>\n<\/div>\n<\/div><\/div>\n<\/div>\n<\/div><\/div>\n\n\n\n<div class=\"wp-block-themeisle-blocks-advanced-columns alignfull has-1-columns has-desktop-equal-layout has-tablet-equal-layout has-mobile-equal-layout has-default-gap has-vertical-flex-end\" id=\"wp-block-themeisle-blocks-advanced-columns-ebdfb20d\"><div class=\"wp-block-themeisle-blocks-advanced-columns-overlay\"><\/div><div class=\"innerblocks-wrap\">\n<div class=\"wp-block-themeisle-blocks-advanced-column\" id=\"wp-block-themeisle-blocks-advanced-column-1533a724\">\n<h2 class=\"has-text-align-left has-nv-text-dark-bg-color has-text-color wp-block-heading\" style=\"font-size:30px\">inspire-se com nossos produtos<\/h2>\n<\/div>\n<\/div><\/div>\n","protected":false},"excerpt":{"rendered":"","protected":false},"author":1,"featured_media":0,"parent":0,"menu_order":0,"comment_status":"closed","ping_status":"closed","template":"","meta":{"neve_meta_sidebar":"full-width","neve_meta_container":"default","neve_meta_enable_content_width":"on","neve_meta_content_width":100,"neve_meta_title_alignment":"","neve_meta_author_avatar":"","neve_post_elements_order":"","neve_meta_disable_header":"","neve_meta_disable_footer":"","neve_meta_disable_title":"on","_themeisle_gutenberg_block_has_review":false,"_ti_tpc_template_sync":false,"_ti_tpc_template_id":"gr8bqs7wzvjdejq7v4p9","spay_email":"","footnotes":""},"class_list":["post-326","page","type-page","status-publish","hentry"],"yoast_head":"<!-- This site is optimized with the Yoast SEO plugin v19.0 - https:\/\/yoast.com\/wordpress\/plugins\/seo\/ -->\n<title>Home - ECOilumi<\/title>\n<meta name=\"robots\" content=\"index, follow, max-snippet:-1, max-image-preview:large, max-video-preview:-1\" \/>\n<link rel=\"canonical\" href=\"https:\/\/ecoilumi.com.br\/\" \/>\n<meta property=\"og:locale\" content=\"pt_BR\" \/>\n<meta property=\"og:type\" content=\"article\" \/>\n<meta property=\"og:title\" content=\"Home - ECOilumi\" \/>\n<meta property=\"og:url\" content=\"https:\/\/ecoilumi.com.br\/\" \/>\n<meta property=\"og:site_name\" content=\"ECOilumi\" \/>\n<meta property=\"article:modified_time\" content=\"2022-01-09T15:43:06+00:00\" \/>\n<meta property=\"og:image\" content=\"https:\/\/ecoilumi.com.br\/wp-content\/uploads\/2022\/01\/Banner-01-1-SITE-NOVO-2.jpg\" \/>\n<meta name=\"twitter:card\" content=\"summary_large_image\" \/>\n<meta name=\"twitter:label1\" content=\"Est. tempo de leitura\" \/>\n\t<meta name=\"twitter:data1\" content=\"1 minuto\" \/>\n<script type=\"application\/ld+json\" class=\"yoast-schema-graph\">{\"@context\":\"https:\/\/schema.org\",\"@graph\":[{\"@type\":\"Organization\",\"@id\":\"https:\/\/ecoilumi.com.br\/#organization\",\"name\":\"ECOilumi\",\"url\":\"https:\/\/ecoilumi.com.br\/\",\"sameAs\":[],\"logo\":{\"@type\":\"ImageObject\",\"inLanguage\":\"pt-BR\",\"@id\":\"https:\/\/ecoilumi.com.br\/#\/schema\/logo\/image\/\",\"url\":\"https:\/\/ecoilumi.com.br\/wp-content\/uploads\/2022\/01\/ECO-ilumi3.png\",\"contentUrl\":\"https:\/\/ecoilumi.com.br\/wp-content\/uploads\/2022\/01\/ECO-ilumi3.png\",\"width\":1000,\"height\":500,\"caption\":\"ECOilumi\"},\"image\":{\"@id\":\"https:\/\/ecoilumi.com.br\/#\/schema\/logo\/image\/\"}},{\"@type\":\"WebSite\",\"@id\":\"https:\/\/ecoilumi.com.br\/#website\",\"url\":\"https:\/\/ecoilumi.com.br\/\",\"name\":\"ECOilumi\",\"description\":\"Empresa do Grupo RELA\",\"publisher\":{\"@id\":\"https:\/\/ecoilumi.com.br\/#organization\"},\"potentialAction\":[{\"@type\":\"SearchAction\",\"target\":{\"@type\":\"EntryPoint\",\"urlTemplate\":\"https:\/\/ecoilumi.com.br\/?s={search_term_string}\"},\"query-input\":\"required name=search_term_string\"}],\"inLanguage\":\"pt-BR\"},{\"@type\":\"ImageObject\",\"inLanguage\":\"pt-BR\",\"@id\":\"https:\/\/ecoilumi.com.br\/#primaryimage\",\"url\":\"https:\/\/ecoilumi.com.br\/wp-content\/uploads\/2022\/01\/Banner-01-1-SITE-NOVO-2.jpg\",\"contentUrl\":\"https:\/\/ecoilumi.com.br\/wp-content\/uploads\/2022\/01\/Banner-01-1-SITE-NOVO-2.jpg\",\"width\":1900,\"height\":700},{\"@type\":\"WebPage\",\"@id\":\"https:\/\/ecoilumi.com.br\/#webpage\",\"url\":\"https:\/\/ecoilumi.com.br\/\",\"name\":\"Home - ECOilumi\",\"isPartOf\":{\"@id\":\"https:\/\/ecoilumi.com.br\/#website\"},\"primaryImageOfPage\":{\"@id\":\"https:\/\/ecoilumi.com.br\/#primaryimage\"},\"datePublished\":\"2020-09-09T17:55:08+00:00\",\"dateModified\":\"2022-01-09T15:43:06+00:00\",\"breadcrumb\":{\"@id\":\"https:\/\/ecoilumi.com.br\/#breadcrumb\"},\"inLanguage\":\"pt-BR\",\"potentialAction\":[{\"@type\":\"ReadAction\",\"target\":[\"https:\/\/ecoilumi.com.br\/\"]}]},{\"@type\":\"BreadcrumbList\",\"@id\":\"https:\/\/ecoilumi.com.br\/#breadcrumb\",\"itemListElement\":[{\"@type\":\"ListItem\",\"position\":1,\"name\":\"In\u00edcio\",\"item\":\"https:\/\/ecoilumi.com.br\/\"},{\"@type\":\"ListItem\",\"position\":2,\"name\":\"Home\"}]}]}<\/script>\n<!-- \/ Yoast SEO plugin. -->","yoast_head_json":{"title":"Home - ECOilumi","robots":{"index":"index","follow":"follow","max-snippet":"max-snippet:-1","max-image-preview":"max-image-preview:large","max-video-preview":"max-video-preview:-1"},"canonical":"https:\/\/ecoilumi.com.br\/","og_locale":"pt_BR","og_type":"article","og_title":"Home - ECOilumi","og_url":"https:\/\/ecoilumi.com.br\/","og_site_name":"ECOilumi","article_modified_time":"2022-01-09T15:43:06+00:00","og_image":[{"url":"https:\/\/ecoilumi.com.br\/wp-content\/uploads\/2022\/01\/Banner-01-1-SITE-NOVO-2.jpg"}],"twitter_card":"summary_large_image","twitter_misc":{"Est. tempo de leitura":"1 minuto"},"schema":{"@context":"https:\/\/schema.org","@graph":[{"@type":"Organization","@id":"https:\/\/ecoilumi.com.br\/#organization","name":"ECOilumi","url":"https:\/\/ecoilumi.com.br\/","sameAs":[],"logo":{"@type":"ImageObject","inLanguage":"pt-BR","@id":"https:\/\/ecoilumi.com.br\/#\/schema\/logo\/image\/","url":"https:\/\/ecoilumi.com.br\/wp-content\/uploads\/2022\/01\/ECO-ilumi3.png","contentUrl":"https:\/\/ecoilumi.com.br\/wp-content\/uploads\/2022\/01\/ECO-ilumi3.png","width":1000,"height":500,"caption":"ECOilumi"},"image":{"@id":"https:\/\/ecoilumi.com.br\/#\/schema\/logo\/image\/"}},{"@type":"WebSite","@id":"https:\/\/ecoilumi.com.br\/#website","url":"https:\/\/ecoilumi.com.br\/","name":"ECOilumi","description":"Empresa do Grupo RELA","publisher":{"@id":"https:\/\/ecoilumi.com.br\/#organization"},"potentialAction":[{"@type":"SearchAction","target":{"@type":"EntryPoint","urlTemplate":"https:\/\/ecoilumi.com.br\/?s={search_term_string}"},"query-input":"required name=search_term_string"}],"inLanguage":"pt-BR"},{"@type":"ImageObject","inLanguage":"pt-BR","@id":"https:\/\/ecoilumi.com.br\/#primaryimage","url":"https:\/\/ecoilumi.com.br\/wp-content\/uploads\/2022\/01\/Banner-01-1-SITE-NOVO-2.jpg","contentUrl":"https:\/\/ecoilumi.com.br\/wp-content\/uploads\/2022\/01\/Banner-01-1-SITE-NOVO-2.jpg","width":1900,"height":700},{"@type":"WebPage","@id":"https:\/\/ecoilumi.com.br\/#webpage","url":"https:\/\/ecoilumi.com.br\/","name":"Home - ECOilumi","isPartOf":{"@id":"https:\/\/ecoilumi.com.br\/#website"},"primaryImageOfPage":{"@id":"https:\/\/ecoilumi.com.br\/#primaryimage"},"datePublished":"2020-09-09T17:55:08+00:00","dateModified":"2022-01-09T15:43:06+00:00","breadcrumb":{"@id":"https:\/\/ecoilumi.com.br\/#breadcrumb"},"inLanguage":"pt-BR","potentialAction":[{"@type":"ReadAction","target":["https:\/\/ecoilumi.com.br\/"]}]},{"@type":"BreadcrumbList","@id":"https:\/\/ecoilumi.com.br\/#breadcrumb","itemListElement":[{"@type":"ListItem","position":1,"name":"In\u00edcio","item":"https:\/\/ecoilumi.com.br\/"},{"@type":"ListItem","position":2,"name":"Home"}]}]}},"_links":{"self":[{"href":"https:\/\/ecoilumi.com.br\/index.php?rest_route=\/wp\/v2\/pages\/326","targetHints":{"allow":["GET"]}}],"collection":[{"href":"https:\/\/ecoilumi.com.br\/index.php?rest_route=\/wp\/v2\/pages"}],"about":[{"href":"https:\/\/ecoilumi.com.br\/index.php?rest_route=\/wp\/v2\/types\/page"}],"author":[{"embeddable":true,"href":"https:\/\/ecoilumi.com.br\/index.php?rest_route=\/wp\/v2\/users\/1"}],"replies":[{"embeddable":true,"href":"https:\/\/ecoilumi.com.br\/index.php?rest_route=%2Fwp%2Fv2%2Fcomments&post=326"}],"version-history":[{"count":38,"href":"https:\/\/ecoilumi.com.br\/index.php?rest_route=\/wp\/v2\/pages\/326\/revisions"}],"predecessor-version":[{"id":673,"href":"https:\/\/ecoilumi.com.br\/index.php?rest_route=\/wp\/v2\/pages\/326\/revisions\/673"}],"wp:attachment":[{"href":"https:\/\/ecoilumi.com.br\/index.php?rest_route=%2Fwp%2Fv2%2Fmedia&parent=326"}],"curies":[{"name":"wp","href":"https:\/\/api.w.org\/{rel}","templated":true}]}}