{"id":282,"date":"2020-09-10T11:29:10","date_gmt":"2020-09-10T14:29:10","guid":{"rendered":"https:\/\/demosites.io\/shop-gb\/?page_id=282"},"modified":"2022-01-09T11:36:38","modified_gmt":"2022-01-09T14:36:38","slug":"52e3e-contact","status":"publish","type":"page","link":"https:\/\/ecoilumi.com.br\/?page_id=282","title":{"rendered":"Contato"},"content":{"rendered":"\n<div class=\"wp-block-themeisle-blocks-advanced-columns alignfull has-1-columns has-desktop-equal-layout has-tablet-equal-layout has-mobile-equal-layout has-default-gap has-vertical-center\" id=\"wp-block-themeisle-blocks-advanced-columns-36e48672\"><div class=\"wp-block-themeisle-blocks-advanced-columns-overlay\"><\/div><div class=\"innerblocks-wrap\">\n<div class=\"wp-block-themeisle-blocks-advanced-column\" id=\"wp-block-themeisle-blocks-advanced-column-adc65de0\">\n<h1 class=\"has-text-align-center has-white-color has-text-color wp-block-heading\"><\/h1>\n\n\n\n<p class=\"has-text-align-center has-nv-text-dark-bg-color has-text-color\"><\/p>\n<\/div>\n<\/div><\/div>\n\n\n\n<figure class=\"wp-block-image alignfull size-large\"><img loading=\"lazy\" decoding=\"async\" width=\"1024\" height=\"647\" src=\"https:\/\/ecoilumi.com.br\/wp-content\/uploads\/2022\/01\/Logo-1024x647.jpg\" alt=\"\" class=\"wp-image-631\" srcset=\"https:\/\/ecoilumi.com.br\/wp-content\/uploads\/2022\/01\/Logo-1024x647.jpg 1024w, https:\/\/ecoilumi.com.br\/wp-content\/uploads\/2022\/01\/Logo-300x189.jpg 300w, https:\/\/ecoilumi.com.br\/wp-content\/uploads\/2022\/01\/Logo-768x485.jpg 768w, https:\/\/ecoilumi.com.br\/wp-content\/uploads\/2022\/01\/Logo-1536x970.jpg 1536w, https:\/\/ecoilumi.com.br\/wp-content\/uploads\/2022\/01\/Logo-600x379.jpg 600w, https:\/\/ecoilumi.com.br\/wp-content\/uploads\/2022\/01\/Logo.jpg 1900w\" sizes=\"auto, (max-width: 1024px) 100vw, 1024px\" \/><\/figure>\n\n\n\n<p><\/p>\n\n\n\n<p><\/p>\n\n\n\n<h2 class=\"has-text-align-center wp-block-heading\">Rela Ind\u00fastria e Com\u00e9rcio de Ilumina\u00e7\u00e3o Ltda<br>CNPJ: 43.551.882\/0001-96<br>Telefone: (11) 99400-6017<br>E-mail: contato@ecoilumi.com.br<\/h2>\n\n\n\n<p><\/p>\n\n\n\n<p><\/p>\n","protected":false},"excerpt":{"rendered":"<p>Rela Ind\u00fastria e Com\u00e9rcio de Ilumina\u00e7\u00e3o LtdaCNPJ: 43.551.882\/0001-96Telefone: (11) 99400-6017E-mail: contato@ecoilumi.com.br<\/p>\n","protected":false},"author":1,"featured_media":0,"parent":0,"menu_order":0,"comment_status":"closed","ping_status":"closed","template":"","meta":{"neve_meta_sidebar":"full-width","neve_meta_container":"","neve_meta_enable_content_width":"on","neve_meta_content_width":100,"neve_meta_title_alignment":"center","neve_meta_author_avatar":"","neve_post_elements_order":"","neve_meta_disable_header":"","neve_meta_disable_footer":"","neve_meta_disable_title":"on","_themeisle_gutenberg_block_has_review":false,"_ti_tpc_template_sync":false,"_ti_tpc_template_id":"5sqedrjfpm5n0reasjuj","spay_email":"","footnotes":""},"class_list":["post-282","page","type-page","status-publish","hentry"],"yoast_head":"<!-- This site is optimized with the Yoast SEO plugin v19.0 - https:\/\/yoast.com\/wordpress\/plugins\/seo\/ -->\n<title>Contato - ECOilumi<\/title>\n<meta name=\"robots\" content=\"index, follow, max-snippet:-1, max-image-preview:large, max-video-preview:-1\" \/>\n<link rel=\"canonical\" href=\"https:\/\/ecoilumi.com.br\/?page_id=282\" \/>\n<meta property=\"og:locale\" content=\"pt_BR\" \/>\n<meta property=\"og:type\" content=\"article\" \/>\n<meta property=\"og:title\" content=\"Contato - ECOilumi\" \/>\n<meta property=\"og:description\" content=\"Rela Ind\u00fastria e Com\u00e9rcio de Ilumina\u00e7\u00e3o LtdaCNPJ: 43.551.882\/0001-96Telefone: (11) 99400-6017E-mail: contato@ecoilumi.com.br\" \/>\n<meta property=\"og:url\" content=\"https:\/\/ecoilumi.com.br\/?page_id=282\" \/>\n<meta property=\"og:site_name\" content=\"ECOilumi\" \/>\n<meta property=\"article:modified_time\" content=\"2022-01-09T14:36:38+00:00\" \/>\n<meta property=\"og:image\" content=\"https:\/\/ecoilumi.com.br\/wp-content\/uploads\/2022\/01\/Logo-1024x647.jpg\" \/>\n<meta name=\"twitter:card\" content=\"summary_large_image\" \/>\n<script type=\"application\/ld+json\" class=\"yoast-schema-graph\">{\"@context\":\"https:\/\/schema.org\",\"@graph\":[{\"@type\":\"Organization\",\"@id\":\"https:\/\/ecoilumi.com.br\/#organization\",\"name\":\"ECOilumi\",\"url\":\"https:\/\/ecoilumi.com.br\/\",\"sameAs\":[],\"logo\":{\"@type\":\"ImageObject\",\"inLanguage\":\"pt-BR\",\"@id\":\"https:\/\/ecoilumi.com.br\/#\/schema\/logo\/image\/\",\"url\":\"https:\/\/ecoilumi.com.br\/wp-content\/uploads\/2022\/01\/ECO-ilumi3.png\",\"contentUrl\":\"https:\/\/ecoilumi.com.br\/wp-content\/uploads\/2022\/01\/ECO-ilumi3.png\",\"width\":1000,\"height\":500,\"caption\":\"ECOilumi\"},\"image\":{\"@id\":\"https:\/\/ecoilumi.com.br\/#\/schema\/logo\/image\/\"}},{\"@type\":\"WebSite\",\"@id\":\"https:\/\/ecoilumi.com.br\/#website\",\"url\":\"https:\/\/ecoilumi.com.br\/\",\"name\":\"ECOilumi\",\"description\":\"Empresa do Grupo RELA\",\"publisher\":{\"@id\":\"https:\/\/ecoilumi.com.br\/#organization\"},\"potentialAction\":[{\"@type\":\"SearchAction\",\"target\":{\"@type\":\"EntryPoint\",\"urlTemplate\":\"https:\/\/ecoilumi.com.br\/?s={search_term_string}\"},\"query-input\":\"required name=search_term_string\"}],\"inLanguage\":\"pt-BR\"},{\"@type\":\"ImageObject\",\"inLanguage\":\"pt-BR\",\"@id\":\"https:\/\/ecoilumi.com.br\/?page_id=282#primaryimage\",\"url\":\"https:\/\/ecoilumi.com.br\/wp-content\/uploads\/2022\/01\/Logo.jpg\",\"contentUrl\":\"https:\/\/ecoilumi.com.br\/wp-content\/uploads\/2022\/01\/Logo.jpg\",\"width\":1900,\"height\":1200},{\"@type\":\"WebPage\",\"@id\":\"https:\/\/ecoilumi.com.br\/?page_id=282#webpage\",\"url\":\"https:\/\/ecoilumi.com.br\/?page_id=282\",\"name\":\"Contato - ECOilumi\",\"isPartOf\":{\"@id\":\"https:\/\/ecoilumi.com.br\/#website\"},\"primaryImageOfPage\":{\"@id\":\"https:\/\/ecoilumi.com.br\/?page_id=282#primaryimage\"},\"datePublished\":\"2020-09-10T14:29:10+00:00\",\"dateModified\":\"2022-01-09T14:36:38+00:00\",\"breadcrumb\":{\"@id\":\"https:\/\/ecoilumi.com.br\/?page_id=282#breadcrumb\"},\"inLanguage\":\"pt-BR\",\"potentialAction\":[{\"@type\":\"ReadAction\",\"target\":[\"https:\/\/ecoilumi.com.br\/?page_id=282\"]}]},{\"@type\":\"BreadcrumbList\",\"@id\":\"https:\/\/ecoilumi.com.br\/?page_id=282#breadcrumb\",\"itemListElement\":[{\"@type\":\"ListItem\",\"position\":1,\"name\":\"In\u00edcio\",\"item\":\"https:\/\/ecoilumi.com.br\/\"},{\"@type\":\"ListItem\",\"position\":2,\"name\":\"Contato\"}]}]}<\/script>\n<!-- \/ Yoast SEO plugin. -->","yoast_head_json":{"title":"Contato - ECOilumi","robots":{"index":"index","follow":"follow","max-snippet":"max-snippet:-1","max-image-preview":"max-image-preview:large","max-video-preview":"max-video-preview:-1"},"canonical":"https:\/\/ecoilumi.com.br\/?page_id=282","og_locale":"pt_BR","og_type":"article","og_title":"Contato - ECOilumi","og_description":"Rela Ind\u00fastria e Com\u00e9rcio de Ilumina\u00e7\u00e3o LtdaCNPJ: 43.551.882\/0001-96Telefone: (11) 99400-6017E-mail: contato@ecoilumi.com.br","og_url":"https:\/\/ecoilumi.com.br\/?page_id=282","og_site_name":"ECOilumi","article_modified_time":"2022-01-09T14:36:38+00:00","og_image":[{"url":"https:\/\/ecoilumi.com.br\/wp-content\/uploads\/2022\/01\/Logo-1024x647.jpg"}],"twitter_card":"summary_large_image","schema":{"@context":"https:\/\/schema.org","@graph":[{"@type":"Organization","@id":"https:\/\/ecoilumi.com.br\/#organization","name":"ECOilumi","url":"https:\/\/ecoilumi.com.br\/","sameAs":[],"logo":{"@type":"ImageObject","inLanguage":"pt-BR","@id":"https:\/\/ecoilumi.com.br\/#\/schema\/logo\/image\/","url":"https:\/\/ecoilumi.com.br\/wp-content\/uploads\/2022\/01\/ECO-ilumi3.png","contentUrl":"https:\/\/ecoilumi.com.br\/wp-content\/uploads\/2022\/01\/ECO-ilumi3.png","width":1000,"height":500,"caption":"ECOilumi"},"image":{"@id":"https:\/\/ecoilumi.com.br\/#\/schema\/logo\/image\/"}},{"@type":"WebSite","@id":"https:\/\/ecoilumi.com.br\/#website","url":"https:\/\/ecoilumi.com.br\/","name":"ECOilumi","description":"Empresa do Grupo RELA","publisher":{"@id":"https:\/\/ecoilumi.com.br\/#organization"},"potentialAction":[{"@type":"SearchAction","target":{"@type":"EntryPoint","urlTemplate":"https:\/\/ecoilumi.com.br\/?s={search_term_string}"},"query-input":"required name=search_term_string"}],"inLanguage":"pt-BR"},{"@type":"ImageObject","inLanguage":"pt-BR","@id":"https:\/\/ecoilumi.com.br\/?page_id=282#primaryimage","url":"https:\/\/ecoilumi.com.br\/wp-content\/uploads\/2022\/01\/Logo.jpg","contentUrl":"https:\/\/ecoilumi.com.br\/wp-content\/uploads\/2022\/01\/Logo.jpg","width":1900,"height":1200},{"@type":"WebPage","@id":"https:\/\/ecoilumi.com.br\/?page_id=282#webpage","url":"https:\/\/ecoilumi.com.br\/?page_id=282","name":"Contato - ECOilumi","isPartOf":{"@id":"https:\/\/ecoilumi.com.br\/#website"},"primaryImageOfPage":{"@id":"https:\/\/ecoilumi.com.br\/?page_id=282#primaryimage"},"datePublished":"2020-09-10T14:29:10+00:00","dateModified":"2022-01-09T14:36:38+00:00","breadcrumb":{"@id":"https:\/\/ecoilumi.com.br\/?page_id=282#breadcrumb"},"inLanguage":"pt-BR","potentialAction":[{"@type":"ReadAction","target":["https:\/\/ecoilumi.com.br\/?page_id=282"]}]},{"@type":"BreadcrumbList","@id":"https:\/\/ecoilumi.com.br\/?page_id=282#breadcrumb","itemListElement":[{"@type":"ListItem","position":1,"name":"In\u00edcio","item":"https:\/\/ecoilumi.com.br\/"},{"@type":"ListItem","position":2,"name":"Contato"}]}]}},"_links":{"self":[{"href":"https:\/\/ecoilumi.com.br\/index.php?rest_route=\/wp\/v2\/pages\/282","targetHints":{"allow":["GET"]}}],"collection":[{"href":"https:\/\/ecoilumi.com.br\/index.php?rest_route=\/wp\/v2\/pages"}],"about":[{"href":"https:\/\/ecoilumi.com.br\/index.php?rest_route=\/wp\/v2\/types\/page"}],"author":[{"embeddable":true,"href":"https:\/\/ecoilumi.com.br\/index.php?rest_route=\/wp\/v2\/users\/1"}],"replies":[{"embeddable":true,"href":"https:\/\/ecoilumi.com.br\/index.php?rest_route=%2Fwp%2Fv2%2Fcomments&post=282"}],"version-history":[{"count":7,"href":"https:\/\/ecoilumi.com.br\/index.php?rest_route=\/wp\/v2\/pages\/282\/revisions"}],"predecessor-version":[{"id":638,"href":"https:\/\/ecoilumi.com.br\/index.php?rest_route=\/wp\/v2\/pages\/282\/revisions\/638"}],"wp:attachment":[{"href":"https:\/\/ecoilumi.com.br\/index.php?rest_route=%2Fwp%2Fv2%2Fmedia&parent=282"}],"curies":[{"name":"wp","href":"https:\/\/api.w.org\/{rel}","templated":true}]}}